{"id":802,"date":"2023-12-08T16:14:46","date_gmt":"2023-12-08T16:14:46","guid":{"rendered":"https:\/\/mosareldecor.com\/?post_type=product&#038;p=802"},"modified":"2026-04-11T06:44:52","modified_gmt":"2026-04-11T06:44:52","slug":"white-chalk-autentico-250-ml","status":"publish","type":"product","link":"https:\/\/mosareldecor.com\/index.php\/product\/white-chalk-autentico-250-ml\/","title":{"rendered":"CERA WHITE CHALK AUTENTICO"},"content":{"rendered":"<p>Modo de empleo:<\/p>\n<p>Autentico ha recuperado una antigua receta holandesa para sus ceras, fabricada con pura cera de abejas y de Carna\u00faba \u201cla reina de las ceras\u201d. Puedes aplicarla con nuestra brocha de encerar o con un trapo de algod\u00f3n de forma uniforme en toda la pieza. D\u00e9jala secar al menos 15 minutos y despu\u00e9s ya es posible pulir la superficie con un trapo o con un cepillo (el proceso es muy parecido al de lustrar los zapatos).<br \/>\nTe aconsejo realizar dos veces este proceso, pero recuerda que es m\u00e1s efectivo si aplicas capas finas.<\/p>\n<p>Puedes utilizar la cera como limpiador en piezas previamente enceradas, es muy eficaz.<\/p>\n<p>Encerar la pieza proporciona protecci\u00f3n, nos ayuda a su mantenimiento y nos proporciona un acabado natural e inigualable.<\/p>\n<p>Las ceras son f\u00e1ciles de aplicar y adem\u00e1s nos ayudan a crear diferentes acabados en el mueble, podemos utilizar cera incolora para proteger y no alterar el color escogido pero si aplicamos cera marr\u00f3n, marr\u00f3n clara o blanca conseguir\u00e1s un look Shabby Chic muy atractivo.<\/p>\n","protected":false},"excerpt":{"rendered":"<div class=\"text-box\">\n<div class=\"woocommerce-product-details__short-description\">\n<p class=\"desc\">Cera blanca de alta calidad ideal para dar un efecto de blanqueado (empolvado) a cualquier mueble. F\u00e1cil de aplicar, pensada especialmente para los productos Autentico. La superficie de tus muebles quedar\u00e1 con un tacto agradable y sin quedar pegajosos.<\/p>\n<\/div>\n<\/div>\n","protected":false},"featured_media":804,"comment_status":"open","ping_status":"closed","template":"","meta":{"site-sidebar-layout":"default","site-content-layout":"","ast-site-content-layout":"default","site-content-style":"default","site-sidebar-style":"default","ast-global-header-display":"","ast-banner-title-visibility":"","ast-main-header-display":"","ast-hfb-above-header-display":"","ast-hfb-below-header-display":"","ast-hfb-mobile-header-display":"","site-post-title":"","ast-breadcrumbs-content":"","ast-featured-img":"","footer-sml-layout":"","theme-transparent-header-meta":"default","adv-header-id-meta":"","stick-header-meta":"","header-above-stick-meta":"","header-main-stick-meta":"","header-below-stick-meta":"","astra-migrate-meta-layouts":"set","ast-page-background-enabled":"default","ast-page-background-meta":{"desktop":{"background-color":"var(--ast-global-color-4)","background-image":"","background-repeat":"repeat","background-position":"center center","background-size":"auto","background-attachment":"scroll","background-type":"","background-media":"","overlay-type":"","overlay-color":"","overlay-gradient":""},"tablet":{"background-color":"","background-image":"","background-repeat":"repeat","background-position":"center center","background-size":"auto","background-attachment":"scroll","background-type":"","background-media":"","overlay-type":"","overlay-color":"","overlay-gradient":""},"mobile":{"background-color":"","background-image":"","background-repeat":"repeat","background-position":"center center","background-size":"auto","background-attachment":"scroll","background-type":"","background-media":"","overlay-type":"","overlay-color":"","overlay-gradient":""}},"ast-content-background-meta":{"desktop":{"background-color":"var(--ast-global-color-5)","background-image":"","background-repeat":"repeat","background-position":"center center","background-size":"auto","background-attachment":"scroll","background-type":"","background-media":"","overlay-type":"","overlay-color":"","overlay-gradient":""},"tablet":{"background-color":"var(--ast-global-color-5)","background-image":"","background-repeat":"repeat","background-position":"center center","background-size":"auto","background-attachment":"scroll","background-type":"","background-media":"","overlay-type":"","overlay-color":"","overlay-gradient":""},"mobile":{"background-color":"var(--ast-global-color-5)","background-image":"","background-repeat":"repeat","background-position":"center center","background-size":"auto","background-attachment":"scroll","background-type":"","background-media":"","overlay-type":"","overlay-color":"","overlay-gradient":""}}},"product_brand":[],"product_cat":[45],"product_tag":[64],"class_list":{"0":"post-802","1":"product","2":"type-product","3":"status-publish","4":"has-post-thumbnail","6":"product_cat-ceras","7":"product_tag-ceras-para-muebles","8":"desktop-align-center","9":"tablet-align-left","10":"mobile-align-left","12":"first","13":"instock","14":"taxable","15":"shipping-taxable","16":"purchasable","17":"product-type-variable"},"_links":{"self":[{"href":"https:\/\/mosareldecor.com\/index.php\/wp-json\/wp\/v2\/product\/802","targetHints":{"allow":["GET"]}}],"collection":[{"href":"https:\/\/mosareldecor.com\/index.php\/wp-json\/wp\/v2\/product"}],"about":[{"href":"https:\/\/mosareldecor.com\/index.php\/wp-json\/wp\/v2\/types\/product"}],"replies":[{"embeddable":true,"href":"https:\/\/mosareldecor.com\/index.php\/wp-json\/wp\/v2\/comments?post=802"}],"wp:featuredmedia":[{"embeddable":true,"href":"https:\/\/mosareldecor.com\/index.php\/wp-json\/wp\/v2\/media\/804"}],"wp:attachment":[{"href":"https:\/\/mosareldecor.com\/index.php\/wp-json\/wp\/v2\/media?parent=802"}],"wp:term":[{"taxonomy":"product_brand","embeddable":true,"href":"https:\/\/mosareldecor.com\/index.php\/wp-json\/wp\/v2\/product_brand?post=802"},{"taxonomy":"product_cat","embeddable":true,"href":"https:\/\/mosareldecor.com\/index.php\/wp-json\/wp\/v2\/product_cat?post=802"},{"taxonomy":"product_tag","embeddable":true,"href":"https:\/\/mosareldecor.com\/index.php\/wp-json\/wp\/v2\/product_tag?post=802"}],"curies":[{"name":"wp","href":"https:\/\/api.w.org\/{rel}","templated":true}]}}