{"id":3341,"date":"2025-07-04T19:58:02","date_gmt":"2025-07-04T19:58:02","guid":{"rendered":"https:\/\/mosareldecor.com\/?post_type=product&#038;p=3341"},"modified":"2026-02-22T23:13:56","modified_gmt":"2026-02-22T23:13:56","slug":"taller-tecnicas-fantasia","status":"publish","type":"product","link":"https:\/\/mosareldecor.com\/index.php\/product\/taller-tecnicas-fantasia\/","title":{"rendered":"Taller &#8220;muebles de fantas\u00eda&#8221; (presencial)"},"content":{"rendered":"<p class=\"desc\">Curso de t\u00e9cnicas especiales para crear &#8220;muebles de fantas\u00eda&#8221;<\/p>\n<p class=\"desc\">Este es un curso totalmente pr\u00e1ctico en modalidad presencial en Saltillo, Coahuila.\u00a0 Si siempre has deseado crear un mueble especial y lleno de color y detalles, \u00a1este curso es para ti!<\/p>\n","protected":false},"excerpt":{"rendered":"<div class=\"wpb_text_column wpb_content_element \">\n<div class=\"wpb_wrapper\">\n<div class=\"detail-descript\">\n<p class=\"desc\">En este curso practicar\u00e1s en un tablero de MDF de 40 x 50 cm las t\u00e9cnicas que te ayudar\u00e1n a crear muebles con un efecto sorpresa y divertido:\u00a0 relieves y texturas, imitaci\u00f3n de hoja de oro, moldes, ceras de colores personalizados y \u00a1COLOR!\u00a0 \u00a0Aprende a incorporar color en tus piezas sin miedo a terminar con un mueble gris.<\/p>\n<\/div>\n<div class=\"detail-descript\">\n<p><strong>\u00bfD\u00f3nde se imparte?\u00a0<\/strong>En las instalaciones de Mosarel DECOR en Saltillo, Coahuila.\u00a0 Blvd. Jos\u00e9 Musa de Le\u00f3n 3040 local 8 en la plaza LeBen.<\/p>\n<p><strong style=\"font-size: 16px;\">\u00bfCu\u00e1nto tiempo dura y cu\u00e1ndo es?\u00a0 <\/strong><span style=\"font-size: 16px;\">Es una sesi\u00f3n de 9:00 am a 3:00 pm .\u00a0 \u00a0Escoge una fecha disponible, o bien, <\/span><strong style=\"font-size: 16px;\">cont\u00e1ctanos para agendar en otras fechas o organizar un curso grupal en casa.<\/strong><\/p>\n<\/div>\n<div class=\"detail-descript\">\n<p class=\"desc\"><strong>Modalidad:\u00a0<\/strong>Presencial<\/p>\n<\/div>\n<p><strong>\u00bfTienes m\u00e1s preguntas?\u00a0<\/strong>\u00a0Chatea con nosotros al Whatsapp 8442869616<\/p>\n<\/div>\n<\/div>\n<div class=\"wpb_gmaps_widget wpb_content_element\">\n<div class=\"wpb_wrapper\"><\/div>\n<\/div>\n","protected":false},"featured_media":3345,"comment_status":"open","ping_status":"closed","template":"","meta":{"site-sidebar-layout":"default","site-content-layout":"","ast-site-content-layout":"default","site-content-style":"default","site-sidebar-style":"default","ast-global-header-display":"","ast-banner-title-visibility":"","ast-main-header-display":"","ast-hfb-above-header-display":"","ast-hfb-below-header-display":"","ast-hfb-mobile-header-display":"","site-post-title":"","ast-breadcrumbs-content":"","ast-featured-img":"","footer-sml-layout":"","theme-transparent-header-meta":"default","adv-header-id-meta":"","stick-header-meta":"","header-above-stick-meta":"","header-main-stick-meta":"","header-below-stick-meta":"","astra-migrate-meta-layouts":"set","ast-page-background-enabled":"default","ast-page-background-meta":{"desktop":{"background-color":"var(--ast-global-color-4)","background-image":"","background-repeat":"repeat","background-position":"center center","background-size":"auto","background-attachment":"scroll","background-type":"","background-media":"","overlay-type":"","overlay-color":"","overlay-gradient":""},"tablet":{"background-color":"","background-image":"","background-repeat":"repeat","background-position":"center center","background-size":"auto","background-attachment":"scroll","background-type":"","background-media":"","overlay-type":"","overlay-color":"","overlay-gradient":""},"mobile":{"background-color":"","background-image":"","background-repeat":"repeat","background-position":"center center","background-size":"auto","background-attachment":"scroll","background-type":"","background-media":"","overlay-type":"","overlay-color":"","overlay-gradient":""}},"ast-content-background-meta":{"desktop":{"background-color":"var(--ast-global-color-5)","background-image":"","background-repeat":"repeat","background-position":"center center","background-size":"auto","background-attachment":"scroll","background-type":"","background-media":"","overlay-type":"","overlay-color":"","overlay-gradient":""},"tablet":{"background-color":"var(--ast-global-color-5)","background-image":"","background-repeat":"repeat","background-position":"center center","background-size":"auto","background-attachment":"scroll","background-type":"","background-media":"","overlay-type":"","overlay-color":"","overlay-gradient":""},"mobile":{"background-color":"var(--ast-global-color-5)","background-image":"","background-repeat":"repeat","background-position":"center center","background-size":"auto","background-attachment":"scroll","background-type":"","background-media":"","overlay-type":"","overlay-color":"","overlay-gradient":""}}},"product_brand":[],"product_cat":[54,85],"product_tag":[84],"class_list":{"0":"post-3341","1":"product","2":"type-product","3":"status-publish","4":"has-post-thumbnail","6":"product_cat-cursos","7":"product_cat-cursos-presenciales","8":"product_tag-cursos","9":"desktop-align-center","10":"tablet-align-left","11":"mobile-align-left","13":"first","14":"instock","15":"featured","16":"taxable","17":"shipping-taxable","18":"purchasable","19":"product-type-variable"},"_links":{"self":[{"href":"https:\/\/mosareldecor.com\/index.php\/wp-json\/wp\/v2\/product\/3341","targetHints":{"allow":["GET"]}}],"collection":[{"href":"https:\/\/mosareldecor.com\/index.php\/wp-json\/wp\/v2\/product"}],"about":[{"href":"https:\/\/mosareldecor.com\/index.php\/wp-json\/wp\/v2\/types\/product"}],"replies":[{"embeddable":true,"href":"https:\/\/mosareldecor.com\/index.php\/wp-json\/wp\/v2\/comments?post=3341"}],"wp:featuredmedia":[{"embeddable":true,"href":"https:\/\/mosareldecor.com\/index.php\/wp-json\/wp\/v2\/media\/3345"}],"wp:attachment":[{"href":"https:\/\/mosareldecor.com\/index.php\/wp-json\/wp\/v2\/media?parent=3341"}],"wp:term":[{"taxonomy":"product_brand","embeddable":true,"href":"https:\/\/mosareldecor.com\/index.php\/wp-json\/wp\/v2\/product_brand?post=3341"},{"taxonomy":"product_cat","embeddable":true,"href":"https:\/\/mosareldecor.com\/index.php\/wp-json\/wp\/v2\/product_cat?post=3341"},{"taxonomy":"product_tag","embeddable":true,"href":"https:\/\/mosareldecor.com\/index.php\/wp-json\/wp\/v2\/product_tag?post=3341"}],"curies":[{"name":"wp","href":"https:\/\/api.w.org\/{rel}","templated":true}]}}