{"id":2146,"date":"2024-05-30T02:40:58","date_gmt":"2024-05-30T02:40:58","guid":{"rendered":"https:\/\/mosareldecor.com\/?post_type=product&#038;p=2146"},"modified":"2025-07-19T07:57:39","modified_gmt":"2025-07-19T07:57:39","slug":"pintura-chalky-look-bamboo-330-ml","status":"publish","type":"product","link":"https:\/\/mosareldecor.com\/index.php\/product\/pintura-chalky-look-bamboo-330-ml\/","title":{"rendered":"PINTURA CHALKY LOOK BAMBOO 330 ml"},"content":{"rendered":"<p><strong>DESCRIPCI\u00d3N<\/strong><\/p>\n<p><strong>FLEUR DESIGNER\u2019S PAINT CHALKY LOOK:<\/strong><br \/>\nPintura mineral de acabado mate y apariencia calc\u00e1rea. La diferencia entre Fleur Chalky look y otras pinturas radica en la especial selecci\u00f3n de minerales contenidos en su receta, capaces de refractar y difundir la luz sobre la superficie pintada, d\u00e1ndole una nueva dimensionalidad. Las luces y las sombras se realzan, su alto contenido de pigmentos crea colores vibrantes y las superficies adquieren una profundidad crom\u00e1tica excepcional.<\/p>\n<p>Chalky look es base agua y transpirable.\u00a0 Para aumentar su lavabilidad, es recomendable sellarla con cera o barniz. Tiempo de secado 4 a 6 horas entre capa de pintura. Tiempo de curado final 15 d\u00edas.<br \/>\nNo es inflamable. Inodoro y\u00a0<strong>libre de disolventes nocivos.<\/strong><\/p>\n<p><strong>CARACTER\u00cdSTICAS<\/strong>: Acabado mate y apariencia calc\u00e1rea.\u00a0 Excelente adherencia, no requiere imprimaci\u00f3n en la mayor\u00eda de las superficies (consulte el esquema completo de aplicaci\u00f3n). Puede aplicarse con brocha o rodillo. \u00a0AUTONIVELANTE. R\u00e1pida aplicaci\u00f3n.<\/p>\n<p><strong>RENDIMIENTO:<\/strong><\/p>\n<p><strong>750 ml<\/strong>\u00a0= 9 metros cuadrados a una mano.<br \/>\n<strong>330 ml<\/strong> = 4.5 metros cuadrados a una mano<\/p>\n<p><strong>APLICACI\u00d3N:<\/strong><br \/>\nAseg\u00farese de que la superficie a pintar est\u00e9 limpia y seca. Quite cualquier descamaci\u00f3n de pintura vieja.\u00a0 Si es necesario, aplique una imprimaci\u00f3n espec\u00edfica. \u00a0Aplicar directamente sobre superficies dos manos de Fleur Chalky Look con brocha o rodillo de esponja.\u00a0 Deje secar entre 4 y 6 horas entre cada capa de pintura.<\/p>\n<p><strong>IDEAL PARA:<\/strong> Paredes interiores, accesorios de decoraci\u00f3n, muebles y muchas otras superficies<\/p>\n<p><strong>AMIGABLE CON EL MEDIO AMBIENTE<\/strong>:<br \/>\n\u2013<br \/>\nNivel m\u00ednimo de compuestos org\u00e1nicos vol\u00e1tiles (COV) y empaque reciclable.<\/p>\n<p>M\u00e1s detalles en el esquema completo de aplicaci\u00f3n, <strong><a href=\"https:\/\/mosareldecor.com\/index.php\/esquema-de-aplicacion-chalky-look\/\">aqu\u00ed<\/a><\/strong>.<\/p>\n","protected":false},"excerpt":{"rendered":"<p>La naturaleza selv\u00e1tica de una selva oriental se fusiona con la armon\u00eda de la inspiraci\u00f3n zen en este color muy adapto para crear ambientes esenciales y luminosos.<\/p>\n<hr \/>\n<p><strong>Tiempo de Secado:<\/strong><\/p>\n<p>4-6 h entre capa de pintura.\u00a0 Curado final 15 d\u00edas.<\/p>\n<hr \/>\n<p><strong>Rendimiento:<\/strong><\/p>\n<p><strong>750 ml<\/strong>\u00a0= 9 metros cuadrados a una mano.<\/p>\n<p><strong>330 ml<\/strong> = 4.5 metros cuadrados a una mano<\/p>\n<hr \/>\n<p>Consulta el esquema completo de aplicaci\u00f3n\u00a0<strong><a href=\"https:\/\/mosareldecor.com\/index.php\/esquema-de-aplicacion-chalky-look\/\">aqu\u00ed<\/a>.<\/strong><\/p>\n","protected":false},"featured_media":2148,"comment_status":"open","ping_status":"closed","template":"","meta":{"site-sidebar-layout":"default","site-content-layout":"","ast-site-content-layout":"default","site-content-style":"default","site-sidebar-style":"default","ast-global-header-display":"","ast-banner-title-visibility":"","ast-main-header-display":"","ast-hfb-above-header-display":"","ast-hfb-below-header-display":"","ast-hfb-mobile-header-display":"","site-post-title":"","ast-breadcrumbs-content":"","ast-featured-img":"","footer-sml-layout":"","theme-transparent-header-meta":"default","adv-header-id-meta":"","stick-header-meta":"","header-above-stick-meta":"","header-main-stick-meta":"","header-below-stick-meta":"","astra-migrate-meta-layouts":"set","ast-page-background-enabled":"default","ast-page-background-meta":{"desktop":{"background-color":"var(--ast-global-color-4)","background-image":"","background-repeat":"repeat","background-position":"center center","background-size":"auto","background-attachment":"scroll","background-type":"","background-media":"","overlay-type":"","overlay-color":"","overlay-gradient":""},"tablet":{"background-color":"","background-image":"","background-repeat":"repeat","background-position":"center center","background-size":"auto","background-attachment":"scroll","background-type":"","background-media":"","overlay-type":"","overlay-color":"","overlay-gradient":""},"mobile":{"background-color":"","background-image":"","background-repeat":"repeat","background-position":"center center","background-size":"auto","background-attachment":"scroll","background-type":"","background-media":"","overlay-type":"","overlay-color":"","overlay-gradient":""}},"ast-content-background-meta":{"desktop":{"background-color":"var(--ast-global-color-5)","background-image":"","background-repeat":"repeat","background-position":"center center","background-size":"auto","background-attachment":"scroll","background-type":"","background-media":"","overlay-type":"","overlay-color":"","overlay-gradient":""},"tablet":{"background-color":"var(--ast-global-color-5)","background-image":"","background-repeat":"repeat","background-position":"center center","background-size":"auto","background-attachment":"scroll","background-type":"","background-media":"","overlay-type":"","overlay-color":"","overlay-gradient":""},"mobile":{"background-color":"var(--ast-global-color-5)","background-image":"","background-repeat":"repeat","background-position":"center center","background-size":"auto","background-attachment":"scroll","background-type":"","background-media":"","overlay-type":"","overlay-color":"","overlay-gradient":""}}},"product_brand":[],"product_cat":[63],"product_tag":[],"class_list":{"0":"post-2146","1":"product","2":"type-product","3":"status-publish","4":"has-post-thumbnail","6":"product_cat-chalky-look","7":"desktop-align-center","8":"tablet-align-left","9":"mobile-align-left","11":"first","12":"instock","13":"taxable","14":"shipping-taxable","15":"purchasable","16":"product-type-simple"},"_links":{"self":[{"href":"https:\/\/mosareldecor.com\/index.php\/wp-json\/wp\/v2\/product\/2146","targetHints":{"allow":["GET"]}}],"collection":[{"href":"https:\/\/mosareldecor.com\/index.php\/wp-json\/wp\/v2\/product"}],"about":[{"href":"https:\/\/mosareldecor.com\/index.php\/wp-json\/wp\/v2\/types\/product"}],"replies":[{"embeddable":true,"href":"https:\/\/mosareldecor.com\/index.php\/wp-json\/wp\/v2\/comments?post=2146"}],"wp:featuredmedia":[{"embeddable":true,"href":"https:\/\/mosareldecor.com\/index.php\/wp-json\/wp\/v2\/media\/2148"}],"wp:attachment":[{"href":"https:\/\/mosareldecor.com\/index.php\/wp-json\/wp\/v2\/media?parent=2146"}],"wp:term":[{"taxonomy":"product_brand","embeddable":true,"href":"https:\/\/mosareldecor.com\/index.php\/wp-json\/wp\/v2\/product_brand?post=2146"},{"taxonomy":"product_cat","embeddable":true,"href":"https:\/\/mosareldecor.com\/index.php\/wp-json\/wp\/v2\/product_cat?post=2146"},{"taxonomy":"product_tag","embeddable":true,"href":"https:\/\/mosareldecor.com\/index.php\/wp-json\/wp\/v2\/product_tag?post=2146"}],"curies":[{"name":"wp","href":"https:\/\/api.w.org\/{rel}","templated":true}]}}