{"id":1945,"date":"2024-05-29T03:10:40","date_gmt":"2024-05-29T03:10:40","guid":{"rendered":"https:\/\/mosareldecor.com\/?post_type=product&#038;p=1945"},"modified":"2025-05-12T00:05:33","modified_gmt":"2025-05-12T00:05:33","slug":"pintura-eggshell-istanbul-interior-750-ml","status":"publish","type":"product","link":"https:\/\/mosareldecor.com\/index.php\/product\/pintura-eggshell-istanbul-interior-750-ml\/","title":{"rendered":"PINTURA EGGSHELL ISTANBUL INTERIOR 750 ml"},"content":{"rendered":"<p><strong>EGGSHELL ESMALTE C\u00c1SCARA DE HUEVO:<\/strong><br \/>\nEsmalte al agua de muy alta resistencia, lavable con detergente neutro. Tiempo de secado 4 a 6 horas entre capa de pintura. Tiempo de curado final 15 d\u00edas.<br \/>\nNo es inflamable. Inodoro, repelente al agua y <strong>libre de disolventes nocivos.<\/strong><\/p>\n<p><strong>CARACTER\u00cdSTICAS<\/strong>: acabado &#8220;c\u00e1scara de huevo&#8221; ligeramente satinado (20% brillo), sutil y elegante. Excelente adherencia.<br \/>\nPuede aplicarse con brocha o rodillo.<br \/>\nNo requiere ning\u00fan acabado protector.<\/p>\n<p><strong>RENDIMIENTO:<\/strong><\/p>\n<p><strong>0,75 L<\/strong>\u00a0= 9 m2 ca.<\/p>\n<p><strong>APLICACI\u00d3N:<\/strong><br \/>\nPintar con Eggshell es r\u00e1pido y f\u00e1cil. Aplicar directamente dos manos de Fleur Eggshell con brocha o rodillo de esponja.<br \/>\nDeje secar entre 4 y 6 horas entre cada capa de pintura. Aseg\u00farese de que la superficie est\u00e9 estable, seca y limpia. Retire la pintura vieja y suelta antes de pintar. M\u00e1s detalles en \u201cM\u00e9todos de aplicaci\u00f3n\u201d.<\/p>\n<p><strong>IDEAL PARA:<\/strong><br \/>\nDar un nuevo aspecto a cocinas, puertas, sanitarios, calentadores, azulejos, suelos y duchas. Perfecto para muebles y cualquier superficie que necesite una alta resistencia al desgaste. La elecci\u00f3n perfecta para quienes buscan practicidad de uso y<strong> una soluci\u00f3n r\u00e1pida en un s\u00f3lo producto.<\/strong><\/p>\n<p><strong>FLEUR EGGSHELL<\/strong> es un producto 3 en 1: primer, pintura y barniz.<br \/>\n<strong>FLEUR EGGSHELL<\/strong> es lavable, resistente y tiene un acabado satinado.<br \/>\nAMIGABLE CON EL MEDIO AMBIENTE<br \/>\n&#8211;<br \/>\nNivel m\u00ednimo de compuestos org\u00e1nicos vol\u00e1tiles (COV) y empaque reciclable.<\/p>\n<p>Consulta el esquema completo de aplicaci\u00f3n <a href=\"https:\/\/mosareldecor.com\/index.php\/esquema-de-aplicacion-eggshell\/\">aqu\u00ed.<\/a><\/p>\n","protected":false},"excerpt":{"rendered":"<p><strong>Tiempo de Secado:<\/strong><\/p>\n<p>4-6 h entre capa de pintura.\u00a0 Curado final 15 d\u00edas.<\/p>\n<hr \/>\n<p><strong>Rendimiento:<\/strong><\/p>\n<p><strong>750 ml<\/strong> = 9 metros cuadrados a una mano.<\/p>\n<hr \/>\n<p>Consulta el esquema completo de aplicaci\u00f3n <a href=\"https:\/\/mosareldecor.com\/index.php\/esquema-de-aplicacion-eggshell\/\">aqu\u00ed.<\/a><\/p>\n","protected":false},"featured_media":1948,"comment_status":"open","ping_status":"closed","template":"","meta":{"site-sidebar-layout":"default","site-content-layout":"","ast-site-content-layout":"default","site-content-style":"default","site-sidebar-style":"default","ast-global-header-display":"","ast-banner-title-visibility":"","ast-main-header-display":"","ast-hfb-above-header-display":"","ast-hfb-below-header-display":"","ast-hfb-mobile-header-display":"","site-post-title":"","ast-breadcrumbs-content":"","ast-featured-img":"","footer-sml-layout":"","theme-transparent-header-meta":"default","adv-header-id-meta":"","stick-header-meta":"","header-above-stick-meta":"","header-main-stick-meta":"","header-below-stick-meta":"","astra-migrate-meta-layouts":"set","ast-page-background-enabled":"default","ast-page-background-meta":{"desktop":{"background-color":"var(--ast-global-color-4)","background-image":"","background-repeat":"repeat","background-position":"center center","background-size":"auto","background-attachment":"scroll","background-type":"","background-media":"","overlay-type":"","overlay-color":"","overlay-gradient":""},"tablet":{"background-color":"","background-image":"","background-repeat":"repeat","background-position":"center center","background-size":"auto","background-attachment":"scroll","background-type":"","background-media":"","overlay-type":"","overlay-color":"","overlay-gradient":""},"mobile":{"background-color":"","background-image":"","background-repeat":"repeat","background-position":"center center","background-size":"auto","background-attachment":"scroll","background-type":"","background-media":"","overlay-type":"","overlay-color":"","overlay-gradient":""}},"ast-content-background-meta":{"desktop":{"background-color":"var(--ast-global-color-5)","background-image":"","background-repeat":"repeat","background-position":"center center","background-size":"auto","background-attachment":"scroll","background-type":"","background-media":"","overlay-type":"","overlay-color":"","overlay-gradient":""},"tablet":{"background-color":"var(--ast-global-color-5)","background-image":"","background-repeat":"repeat","background-position":"center center","background-size":"auto","background-attachment":"scroll","background-type":"","background-media":"","overlay-type":"","overlay-color":"","overlay-gradient":""},"mobile":{"background-color":"var(--ast-global-color-5)","background-image":"","background-repeat":"repeat","background-position":"center center","background-size":"auto","background-attachment":"scroll","background-type":"","background-media":"","overlay-type":"","overlay-color":"","overlay-gradient":""}}},"product_brand":[],"product_cat":[44,68],"product_tag":[],"class_list":{"0":"post-1945","1":"product","2":"type-product","3":"status-publish","4":"has-post-thumbnail","6":"product_cat-eggshell","7":"product_cat-eggshell-azules-verdes","8":"desktop-align-center","9":"tablet-align-left","10":"mobile-align-left","12":"first","13":"instock","14":"taxable","15":"shipping-taxable","16":"purchasable","17":"product-type-simple"},"_links":{"self":[{"href":"https:\/\/mosareldecor.com\/index.php\/wp-json\/wp\/v2\/product\/1945","targetHints":{"allow":["GET"]}}],"collection":[{"href":"https:\/\/mosareldecor.com\/index.php\/wp-json\/wp\/v2\/product"}],"about":[{"href":"https:\/\/mosareldecor.com\/index.php\/wp-json\/wp\/v2\/types\/product"}],"replies":[{"embeddable":true,"href":"https:\/\/mosareldecor.com\/index.php\/wp-json\/wp\/v2\/comments?post=1945"}],"wp:featuredmedia":[{"embeddable":true,"href":"https:\/\/mosareldecor.com\/index.php\/wp-json\/wp\/v2\/media\/1948"}],"wp:attachment":[{"href":"https:\/\/mosareldecor.com\/index.php\/wp-json\/wp\/v2\/media?parent=1945"}],"wp:term":[{"taxonomy":"product_brand","embeddable":true,"href":"https:\/\/mosareldecor.com\/index.php\/wp-json\/wp\/v2\/product_brand?post=1945"},{"taxonomy":"product_cat","embeddable":true,"href":"https:\/\/mosareldecor.com\/index.php\/wp-json\/wp\/v2\/product_cat?post=1945"},{"taxonomy":"product_tag","embeddable":true,"href":"https:\/\/mosareldecor.com\/index.php\/wp-json\/wp\/v2\/product_tag?post=1945"}],"curies":[{"name":"wp","href":"https:\/\/api.w.org\/{rel}","templated":true}]}}