{"id":1137,"date":"2023-12-13T21:48:31","date_gmt":"2023-12-13T21:48:31","guid":{"rendered":"https:\/\/mosareldecor.com\/?post_type=product&#038;p=1137"},"modified":"2025-09-11T18:46:36","modified_gmt":"2025-09-11T18:46:36","slug":"oxido-claro-130-ml","status":"publish","type":"product","link":"https:\/\/mosareldecor.com\/index.php\/product\/oxido-claro-130-ml\/","title":{"rendered":"\u00d3XIDO CLARO 130 ml"},"content":{"rendered":"","protected":false},"excerpt":{"rendered":"<p>El \u00f3xido real de Fleur contiene part\u00edculas ferrosas en un medio l\u00edquido para crear un verdadero efecto de oxidaci\u00f3n donde se aplique.<\/p>\n<p><strong>PROCESO DE APLICACI\u00d3N PARA CREAR EL EFECTO \u00d3XIDO REAL:<\/strong><\/p>\n<p><strong>Paso 1<\/strong>:\u00a0 OPCIONAL\u00a0 Aislar la base con la imprimaci\u00f3n (primer per Ruggine) y dejar secar de 2 a 3 horas.<br \/>\n<strong>Paso 2<\/strong>: Mezclar el producto \u00d3xido claro <strong>ESTE PRODUCTO<\/strong> (u \u00d3xido) y aplicar dos capas.\u00a0 Dejar secar 2-3 horas entre una capa y otra.<br \/>\n<strong>Paso 3:<\/strong> Aplicar el Reactivo de forma no homog\u00e9nea dejar actuar y esperar al menos 6 horas.\u00a0 Si se desea intensificar el efecto, repetir los pasos 2 y 3.<br \/>\n<strong>Paso 4:<\/strong> Una vez conseguido el efecto deseado, aplicar 2 capas de la terminaci\u00f3n antioxidante para detener la oxidaci\u00f3n dejando secar entre 2 a 3 horas entre cada capa.<\/p>\n<p><strong>RECOMENDACIONES:<\/strong><br \/>\nPara acelerar el tiempo de oxidaci\u00f3n, mezclar el color \u00d3xido (u \u00d3xido Claro) directamente con el reactivo en proporci\u00f3n 1:3.<br \/>\nObtenido el resultado deseado, cuando todo est\u00e1 seco, aplicar 2 capas de Barniz Antioxidante para bloquear el proceso de oxidaci\u00f3n, esperando 2-4 horas entre una mano y otra.<\/p>\n<p><strong>Rendimiento:<\/strong><\/p>\n<p><strong>130 ml<\/strong> = 1 metro cuadrado a una mano.<\/p>\n","protected":false},"featured_media":2870,"comment_status":"open","ping_status":"closed","template":"","meta":{"site-sidebar-layout":"default","site-content-layout":"","ast-site-content-layout":"default","site-content-style":"default","site-sidebar-style":"default","ast-global-header-display":"","ast-banner-title-visibility":"","ast-main-header-display":"","ast-hfb-above-header-display":"","ast-hfb-below-header-display":"","ast-hfb-mobile-header-display":"","site-post-title":"","ast-breadcrumbs-content":"","ast-featured-img":"","footer-sml-layout":"","theme-transparent-header-meta":"default","adv-header-id-meta":"","stick-header-meta":"","header-above-stick-meta":"","header-main-stick-meta":"","header-below-stick-meta":"","astra-migrate-meta-layouts":"set","ast-page-background-enabled":"default","ast-page-background-meta":{"desktop":{"background-color":"var(--ast-global-color-4)","background-image":"","background-repeat":"repeat","background-position":"center center","background-size":"auto","background-attachment":"scroll","background-type":"","background-media":"","overlay-type":"","overlay-color":"","overlay-gradient":""},"tablet":{"background-color":"","background-image":"","background-repeat":"repeat","background-position":"center center","background-size":"auto","background-attachment":"scroll","background-type":"","background-media":"","overlay-type":"","overlay-color":"","overlay-gradient":""},"mobile":{"background-color":"","background-image":"","background-repeat":"repeat","background-position":"center center","background-size":"auto","background-attachment":"scroll","background-type":"","background-media":"","overlay-type":"","overlay-color":"","overlay-gradient":""}},"ast-content-background-meta":{"desktop":{"background-color":"var(--ast-global-color-5)","background-image":"","background-repeat":"repeat","background-position":"center center","background-size":"auto","background-attachment":"scroll","background-type":"","background-media":"","overlay-type":"","overlay-color":"","overlay-gradient":""},"tablet":{"background-color":"var(--ast-global-color-5)","background-image":"","background-repeat":"repeat","background-position":"center center","background-size":"auto","background-attachment":"scroll","background-type":"","background-media":"","overlay-type":"","overlay-color":"","overlay-gradient":""},"mobile":{"background-color":"var(--ast-global-color-5)","background-image":"","background-repeat":"repeat","background-position":"center center","background-size":"auto","background-attachment":"scroll","background-type":"","background-media":"","overlay-type":"","overlay-color":"","overlay-gradient":""}}},"product_brand":[],"product_cat":[48,89],"product_tag":[],"class_list":{"0":"post-1137","1":"product","2":"type-product","3":"status-publish","4":"has-post-thumbnail","6":"product_cat-especialidades","7":"product_cat-oxidos","8":"desktop-align-center","9":"tablet-align-left","10":"mobile-align-left","12":"first","13":"instock","14":"taxable","15":"shipping-taxable","16":"purchasable","17":"product-type-simple"},"_links":{"self":[{"href":"https:\/\/mosareldecor.com\/index.php\/wp-json\/wp\/v2\/product\/1137","targetHints":{"allow":["GET"]}}],"collection":[{"href":"https:\/\/mosareldecor.com\/index.php\/wp-json\/wp\/v2\/product"}],"about":[{"href":"https:\/\/mosareldecor.com\/index.php\/wp-json\/wp\/v2\/types\/product"}],"replies":[{"embeddable":true,"href":"https:\/\/mosareldecor.com\/index.php\/wp-json\/wp\/v2\/comments?post=1137"}],"wp:featuredmedia":[{"embeddable":true,"href":"https:\/\/mosareldecor.com\/index.php\/wp-json\/wp\/v2\/media\/2870"}],"wp:attachment":[{"href":"https:\/\/mosareldecor.com\/index.php\/wp-json\/wp\/v2\/media?parent=1137"}],"wp:term":[{"taxonomy":"product_brand","embeddable":true,"href":"https:\/\/mosareldecor.com\/index.php\/wp-json\/wp\/v2\/product_brand?post=1137"},{"taxonomy":"product_cat","embeddable":true,"href":"https:\/\/mosareldecor.com\/index.php\/wp-json\/wp\/v2\/product_cat?post=1137"},{"taxonomy":"product_tag","embeddable":true,"href":"https:\/\/mosareldecor.com\/index.php\/wp-json\/wp\/v2\/product_tag?post=1137"}],"curies":[{"name":"wp","href":"https:\/\/api.w.org\/{rel}","templated":true}]}}