{"id":471,"date":"2023-11-28T20:37:02","date_gmt":"2023-11-28T20:37:02","guid":{"rendered":"https:\/\/mosareldecor.com\/?page_id=471"},"modified":"2024-05-28T00:18:16","modified_gmt":"2024-05-28T00:18:16","slug":"intervencion-profesional-de-mobiliario","status":"publish","type":"page","link":"https:\/\/mosareldecor.com\/index.php\/intervencion-profesional-de-mobiliario\/","title":{"rendered":"Intervenci\u00f3n profesional de mobiliario"},"content":{"rendered":"<div class=\"wpb-content-wrapper\"><p>[vc_row][vc_column][vc_single_image image=&#8221;1880&#8243; img_size=&#8221;2000&#215;500&#8243; css=&#8221;&#8221;][vc_row_inner][vc_column_inner width=&#8221;1\/6&#8243;][\/vc_column_inner][vc_column_inner width=&#8221;4\/6&#8243;][vc_column_text css=&#8221;&#8221;]<\/p>\n<h4>Transformamos tus muebles con maestr\u00eda y pasi\u00f3n<\/h4>\n<p>En Mosarel DECOR, ofrecemos un servicio especializado de intervenci\u00f3n de mobiliario para que tus muebles recobren vida y estilo.\u00a0 Trabajamos con dedicaci\u00f3n para transformar tus piezas seg\u00fan tus deseos y necesidades.<\/p>\n<h4>\u00bfC\u00f3mo funciona nuestro servicio?<\/h4>\n<p><strong>1. Zona de Servicio:<\/strong><\/p>\n<ul>\n<li><strong>Exclusivamente en Saltillo:<\/strong> Actualmente, ofrecemos nuestros servicios \u00fanicamente en la zona de Saltillo, garantizando atenci\u00f3n personalizada.<\/li>\n<\/ul>\n<p><strong>2. Env\u00edanos los detalles:<\/strong> Para proporcionarte una cotizaci\u00f3n precisa, necesitamos la siguiente informaci\u00f3n:<\/p>\n<ul>\n<li><strong>Fotos del mueble en su estado actual:<\/strong> Queremos ver el estado actual del mueble para evaluar el trabajo necesario.<\/li>\n<li><strong>Medidas del mueble:<\/strong> Por favor, proporciona las dimensiones exactas (alto, ancho y profundidad) para una mejor estimaci\u00f3n.<\/li>\n<li><strong>Fotos de inspiraci\u00f3n:<\/strong> Comparte im\u00e1genes o ideas del estilo que deseas lograr. Esto nos ayudar\u00e1 a entender tu visi\u00f3n y a planificar la transformaci\u00f3n.<\/li>\n<\/ul>\n<h4>\u00bfPor qu\u00e9 elegir nuestra intervenci\u00f3n profesional?<\/h4>\n<ul>\n<li><strong>Atenci\u00f3n Personalizada:<\/strong> Cada mueble es \u00fanico y nos dedicamos a entender tus necesidades espec\u00edficas.<\/li>\n<li><strong>Calidad Artesanal:<\/strong> Combinamos t\u00e9cnicas tradicionales y modernas para asegurar resultados de alta calidad.<\/li>\n<li><strong>Creatividad y Estilo:<\/strong> Transformamos tus muebles inspir\u00e1ndonos en tus ideas y a\u00f1adiendo nuestro toque art\u00edstico.<\/li>\n<\/ul>\n<h4>\u00bfListo para transformar tu mueble?<\/h4>\n<p>Para poderte dar una cotizaci\u00f3n detallada env\u00eda toda la informaci\u00f3n requerida v\u00eda Whats App en el bot\u00f3n de contacto. Te responderemos con una cotizaci\u00f3n y el proceso a seguir para transformar tus muebles.<\/p>\n<p>Deja que en Mosarel DECOR te ayudemos a darle una nueva vida a tus muebles. Cada pieza es una oportunidad para crear algo hermoso y funcional, y eso&#8230; \u00a1Nos encanta![\/vc_column_text][\/vc_column_inner][vc_column_inner width=&#8221;1\/6&#8243;][\/vc_column_inner][\/vc_row_inner][\/vc_column][\/vc_row][vc_row][vc_column width=&#8221;1\/6&#8243;][\/vc_column][vc_column width=&#8221;4\/6&#8243;][vc_btn title=&#8221;QUIERO COTIZAR VIA WHATSAPP&#8221; style=&#8221;classic&#8221; color=&#8221;success&#8221; align=&#8221;center&#8221; button_block=&#8221;true&#8221; link=&#8221;url:https%3A%2F%2Fwa.link%2Fenofz2|title:QUIERO%20COTIZAR&#8221;][\/vc_column][vc_column width=&#8221;1\/6&#8243;][\/vc_column][\/vc_row][vc_row][vc_column width=&#8221;1\/6&#8243;][\/vc_column][vc_column width=&#8221;1\/6&#8243;][vc_single_image image=&#8221;1855&#8243; img_size=&#8221;large&#8221; alignment=&#8221;center&#8221; css=&#8221;&#8221;][\/vc_column][vc_column width=&#8221;1\/6&#8243;][vc_single_image image=&#8221;1857&#8243; img_size=&#8221;large&#8221; alignment=&#8221;center&#8221; css=&#8221;&#8221;][\/vc_column][vc_column width=&#8221;1\/6&#8243;][vc_single_image image=&#8221;1858&#8243; img_size=&#8221;large&#8221; alignment=&#8221;center&#8221; css=&#8221;&#8221;][\/vc_column][vc_column width=&#8221;1\/6&#8243;][vc_single_image image=&#8221;1873&#8243; img_size=&#8221;large&#8221; alignment=&#8221;center&#8221; css=&#8221;&#8221;][\/vc_column][vc_column width=&#8221;1\/6&#8243;][\/vc_column][\/vc_row]<\/p>\n<\/div>","protected":false},"excerpt":{"rendered":"<p>[vc_row][vc_column][vc_single_image image=&#8221;1880&#8243; img_size=&#8221;2000&#215;500&#8243; css=&#8221;&#8221;][vc_row_inner][vc_column_inner width=&#8221;1\/6&#8243;][\/vc_column_inner][vc_column_inner width=&#8221;4\/6&#8243;][vc_column_text css=&#8221;&#8221;] Transformamos tus muebles con maestr\u00eda y pasi\u00f3n En Mosarel DECOR, ofrecemos un servicio [&hellip;]<\/p>\n","protected":false},"author":1,"featured_media":0,"parent":0,"menu_order":0,"comment_status":"closed","ping_status":"closed","template":"","meta":{"site-sidebar-layout":"no-sidebar","site-content-layout":"plain-container","ast-site-content-layout":"","site-content-style":"default","site-sidebar-style":"default","ast-global-header-display":"","ast-banner-title-visibility":"","ast-main-header-display":"","ast-hfb-above-header-display":"","ast-hfb-below-header-display":"","ast-hfb-mobile-header-display":"","site-post-title":"disabled","ast-breadcrumbs-content":"","ast-featured-img":"disabled","footer-sml-layout":"","theme-transparent-header-meta":"","adv-header-id-meta":"","stick-header-meta":"","header-above-stick-meta":"","header-main-stick-meta":"","header-below-stick-meta":"","astra-migrate-meta-layouts":"default","ast-page-background-enabled":"default","ast-page-background-meta":{"desktop":{"background-color":"var(--ast-global-color-4)","background-image":"","background-repeat":"repeat","background-position":"center center","background-size":"auto","background-attachment":"scroll","background-type":"","background-media":"","overlay-type":"","overlay-color":"","overlay-gradient":""},"tablet":{"background-color":"","background-image":"","background-repeat":"repeat","background-position":"center center","background-size":"auto","background-attachment":"scroll","background-type":"","background-media":"","overlay-type":"","overlay-color":"","overlay-gradient":""},"mobile":{"background-color":"","background-image":"","background-repeat":"repeat","background-position":"center center","background-size":"auto","background-attachment":"scroll","background-type":"","background-media":"","overlay-type":"","overlay-color":"","overlay-gradient":""}},"ast-content-background-meta":{"desktop":{"background-color":"var(--ast-global-color-5)","background-image":"","background-repeat":"repeat","background-position":"center center","background-size":"auto","background-attachment":"scroll","background-type":"","background-media":"","overlay-type":"","overlay-color":"","overlay-gradient":""},"tablet":{"background-color":"var(--ast-global-color-5)","background-image":"","background-repeat":"repeat","background-position":"center center","background-size":"auto","background-attachment":"scroll","background-type":"","background-media":"","overlay-type":"","overlay-color":"","overlay-gradient":""},"mobile":{"background-color":"var(--ast-global-color-5)","background-image":"","background-repeat":"repeat","background-position":"center center","background-size":"auto","background-attachment":"scroll","background-type":"","background-media":"","overlay-type":"","overlay-color":"","overlay-gradient":""}},"footnotes":""},"class_list":["post-471","page","type-page","status-publish","hentry"],"_links":{"self":[{"href":"https:\/\/mosareldecor.com\/index.php\/wp-json\/wp\/v2\/pages\/471","targetHints":{"allow":["GET"]}}],"collection":[{"href":"https:\/\/mosareldecor.com\/index.php\/wp-json\/wp\/v2\/pages"}],"about":[{"href":"https:\/\/mosareldecor.com\/index.php\/wp-json\/wp\/v2\/types\/page"}],"author":[{"embeddable":true,"href":"https:\/\/mosareldecor.com\/index.php\/wp-json\/wp\/v2\/users\/1"}],"replies":[{"embeddable":true,"href":"https:\/\/mosareldecor.com\/index.php\/wp-json\/wp\/v2\/comments?post=471"}],"version-history":[{"count":13,"href":"https:\/\/mosareldecor.com\/index.php\/wp-json\/wp\/v2\/pages\/471\/revisions"}],"predecessor-version":[{"id":1881,"href":"https:\/\/mosareldecor.com\/index.php\/wp-json\/wp\/v2\/pages\/471\/revisions\/1881"}],"wp:attachment":[{"href":"https:\/\/mosareldecor.com\/index.php\/wp-json\/wp\/v2\/media?parent=471"}],"curies":[{"name":"wp","href":"https:\/\/api.w.org\/{rel}","templated":true}]}}