{"id":2398,"date":"2024-06-04T19:23:59","date_gmt":"2024-06-04T19:23:59","guid":{"rendered":"https:\/\/mosareldecor.com\/?page_id=2398"},"modified":"2024-06-05T00:33:37","modified_gmt":"2024-06-05T00:33:37","slug":"esquema-de-aplicacion-eggshell","status":"publish","type":"page","link":"https:\/\/mosareldecor.com\/index.php\/esquema-de-aplicacion-eggshell\/","title":{"rendered":"Esquema de aplicaci\u00f3n Eggshell"},"content":{"rendered":"<div class=\"wpb-content-wrapper\"><p>[vc_row][vc_column width=&#8221;1\/3&#8243;][vc_single_image image=&#8221;2344&#8243; alignment=&#8221;center&#8221; css=&#8221;&#8221;][\/vc_column][vc_column width=&#8221;2\/3&#8243;][vc_column_text css=&#8221;&#8221;]<\/p>\n<h4 style=\"text-align: center;\">FLEUR ESMALTE EGGSHELL<\/h4>\n<p>[\/vc_column_text][vc_column_text css=&#8221;&#8221;]<\/p>\n<h5 style=\"text-align: center;\">ESQUEMA DE APLICACI\u00d3N<\/h5>\n<p>[\/vc_column_text][\/vc_column][\/vc_row][vc_row][vc_column][vc_single_image image=&#8221;2409&#8243; img_size=&#8221;full&#8221; alignment=&#8221;center&#8221; css=&#8221;&#8221;][\/vc_column][\/vc_row][vc_row][vc_column][vc_column_text css=&#8221;&#8221;]<strong>EGGSHELL ESMALTE C\u00c1SCARA DE HUEVO:<\/strong> esmalte al agua de muy alta resistencia, lavable con detergente neutro. Tiempo de secado 4 a 6 horas entre capa de pintura. Tiempo de curado final 15 d\u00edas. No es inflamable. Inodoro, repelente al agua y libre de disolventes nocivos.<\/p>\n<p><strong> CARACTER\u00cdSTICAS:<\/strong> acabado &#8220;c\u00e1scara de huevo&#8221; ligeramente satinado (20% brillo), sutil y elegante. Excelente adherencia. Puede aplicarse con brocha o rodillo. No requiere ning\u00fan acabado protector.<\/p>\n<p><strong>APLICACI\u00d3N:<\/strong> Pintar con Eggshell es r\u00e1pido y f\u00e1cil. Aplicar directamente dos manos de Fleur Eggshell con brocha o rodillo de esponja. Deje secar entre 4 y 6 horas entre cada capa de pintura. Aseg\u00farese de que la superficie est\u00e9 estable, seca y limpia. Retire la pintura vieja y suelta antes de pintar. M\u00e1s detalles en \u201cM\u00e9todos de aplicaci\u00f3n\u201d.<\/p>\n<p><strong>IDEAL PARA:<\/strong> Dar un nuevo aspecto a cocinas, puertas, sanitarios, calentadores, azulejos, suelos y duchas. Perfecto para muebles y cualquier superficie que necesite una alta resistencia al desgaste. La elecci\u00f3n perfecta para quienes buscan practicidad de uso y una soluci\u00f3n r\u00e1pida en un s\u00f3lo producto. Rendimiento: 0,750 ml 9 m2 aprox.<\/p>\n<p><strong>FLEUR EGGSHELL es un producto 3 en 1: primer, pintura y barniz.<\/strong><\/p>\n<p><strong>FLEUR EGGSHELL es lavable, resistente y tiene un acabado satinado.<\/strong><\/p>\n<p><strong>AMIGABLE CON EL MEDIO AMBIENTE<\/strong> &#8211; Nivel m\u00ednimo de compuestos org\u00e1nicos vol\u00e1tiles (COV) y empaque reciclable.<\/p>\n<p><strong>MADERA-METAL-PL\u00c1STICO-FORMICA\u00ae <\/strong><\/p>\n<p><strong>MET\u00d3DOS DE APLICACI\u00d3N<\/strong><\/p>\n<p>F\u00e1cil aplicaci\u00f3n incluso en superficies verticales porque Fleur Eggshell no gotea y se extiende perfectamente.<\/p>\n<p><strong>-Madera en bruto (al natural), cuero, vinipiel, pared, madera, papel, cart\u00f3n:<\/strong> aplicar 2 manos de Fleur Eggshell directamente. OPCIONALMENTE para protecci\u00f3n adicional, 1 capa de Barniz Fleur en acabado: brillo, satinado o mate.<\/p>\n<p><strong>-Madera lacada, pl\u00e1stico, f\u00f3rmica:<\/strong> Aplicar 1 mano de <a href=\"https:\/\/mosareldecor.com\/index.php\/product\/primer-universal-300-ml\/\">Fleur Primer Universal<\/a> dejar secar 24 horas antes de aplicar 2 manos de Fleur Eggshell.<\/p>\n<p><strong>-Superficies enceradas:<\/strong> Remover la cera con <a href=\"https:\/\/mosareldecor.com\/index.php\/product\/removedor-de-cera-citrico-330-ml\/\">Removedor de cera c\u00edtrico<\/a>\u00a0 antes de pintar con 2 capas de Fleur Eggshell.<\/p>\n<p><strong>-Metal:<\/strong> Si el metal est\u00e1 oxidado, remueva el \u00f3xido, limpie bien y permita que seque completamente. Aplique Fleur Rust Primer\u00a0 antes de pintar con 2 capas de Fleur Eggshell. Si la superficie est\u00e1 previamente pintada, aplique 1 capa de <a href=\"https:\/\/mosareldecor.com\/index.php\/product\/primer-universal-300-ml\/\">Fleur Primer Universal<\/a>\u00a0 (permita que seque durante 24 horas) antes de aplicar 2 capas de Fleur Eggshell.<\/p>\n<p><strong>-Interior\/exterior\/azulejos del \u00e1rea de la regadera:<\/strong> limpie con <a href=\"https:\/\/mosareldecor.com\/index.php\/product\/limpiador-1-litro\/\">Fleur Cleaner<\/a>\u00a0 aplique 1 capa de <a href=\"https:\/\/mosareldecor.com\/index.php\/product\/primer-universal-300-ml\/\">Fleur Primer Universal<\/a>\u00a0 y luego 2 capas de Fleur Eggshell. Opcionalmente en interiores, puede agregar una capa de barniz Fleur. En exteriores, siempre aplique una capa de barniz transparente como acabado, disponible en acabado brillante , satinado\u00a0 y mate.<\/p>\n<p><strong>-Acabado para el \u00e1rea de la regadera:<\/strong> 2 capas de Resina Fleur extra-resistente, base solvente, disponible en acabado brillante o mate.<\/p>\n<p><strong>PAREDES de interior &#8211; exterior\/PISOS cer\u00e1micos, azulejos, porcel\u00e1nicos, porcelanatos, mosaicos \/ PUERTAS\/ CALENTADORES<\/strong><\/p>\n<p><strong>-Interior\/exterior PISOS cer\u00e1micos, azulejos, porcel\u00e1nicos, porcelanatos, mosaicos:<\/strong> Limpie con <a href=\"https:\/\/mosareldecor.com\/index.php\/product\/limpiador-1-litro\/\">Fleur Cleaner<\/a>\u00a0 aplique 1 capa de <a href=\"https:\/\/mosareldecor.com\/index.php\/product\/primer-p-ab-1-litro\/\">Fleur Primer P<\/a>\u00a0 seguido de 2 capas de Fleur Eggshell. Termine con 2 capas de <a href=\"https:\/\/mosareldecor.com\/index.php\/product\/acabado-h2o-satinado-ab-1-litro\/\">Fleur Finish H2O<\/a>. Para superficies en contacto prolongado con el agua como \u00e1reas de regaderas o pisos de exterior, aplique 2 capas de Fleur Resina Extra Resistente, base solvente Resin Glossy o Matte .<\/p>\n<p><strong>-Puertas, puertas de seguridad y marcos de ventanas:<\/strong> Aplique una capa de <a href=\"https:\/\/mosareldecor.com\/index.php\/product\/primer-universal-300-ml\/\">Fleur Primer Universal<\/a> en superficies no absorbentes (permita secar 24 horas) antes de aplicar 2 capas de Fleur Eggshell<\/p>\n<p><strong>-Aires acondicionados \/ mini splits:<\/strong> Aplique 1 capa de <a href=\"https:\/\/mosareldecor.com\/index.php\/product\/primer-universal-300-ml\/\">Fleur Primer Universal<\/a> permita secar 24 horas) antes de aplicar 2 capas de Fleur Eggshell<\/p>\n<p>*Rendimiento por capa probadas en superficies no absorbentes o superficies preparadas adecuadamente.<\/p>\n<p>\ud83d\udccd 0,750 ml 9 m2 approx.<\/p>\n<p><strong>CONSEJO:<\/strong> Para mejores resultados aplica 2 capas de producto.<\/p>\n<p>En superficies expuestas al desgaste diario y\/o exteriores, protege con barniz transparente disponible en acabado brillante, satinado o mate.<\/p>\n<p><strong>RAZONES PARA AMAR FLEUR EGGSHELL:<\/strong> Es pr\u00e1ctica y f\u00e1cil de usar. Fleur Eggshell es lavable y durable. Es perfecta para cambiar el color al mobiliario y espacios que buscan no s\u00f3lo ser bellos sino pr\u00e1cticos.[\/vc_column_text][\/vc_column][\/vc_row]<\/p>\n<\/div>","protected":false},"excerpt":{"rendered":"<p>[vc_row][vc_column width=&#8221;1\/3&#8243;][vc_single_image image=&#8221;2344&#8243; alignment=&#8221;center&#8221; css=&#8221;&#8221;][\/vc_column][vc_column width=&#8221;2\/3&#8243;][vc_column_text css=&#8221;&#8221;] FLEUR ESMALTE EGGSHELL [\/vc_column_text][vc_column_text css=&#8221;&#8221;] ESQUEMA DE APLICACI\u00d3N [\/vc_column_text][\/vc_column][\/vc_row][vc_row][vc_column][vc_single_image image=&#8221;2409&#8243; img_size=&#8221;full&#8221; alignment=&#8221;center&#8221; css=&#8221;&#8221;][\/vc_column][\/vc_row][vc_row][vc_column][vc_column_text [&hellip;]<\/p>\n","protected":false},"author":2,"featured_media":0,"parent":0,"menu_order":0,"comment_status":"closed","ping_status":"closed","template":"","meta":{"site-sidebar-layout":"no-sidebar","site-content-layout":"plain-container","ast-site-content-layout":"default","site-content-style":"default","site-sidebar-style":"default","ast-global-header-display":"","ast-banner-title-visibility":"","ast-main-header-display":"","ast-hfb-above-header-display":"","ast-hfb-below-header-display":"","ast-hfb-mobile-header-display":"","site-post-title":"disabled","ast-breadcrumbs-content":"","ast-featured-img":"disabled","footer-sml-layout":"","theme-transparent-header-meta":"default","adv-header-id-meta":"","stick-header-meta":"","header-above-stick-meta":"","header-main-stick-meta":"","header-below-stick-meta":"","astra-migrate-meta-layouts":"set","ast-page-background-enabled":"default","ast-page-background-meta":{"desktop":{"background-color":"var(--ast-global-color-4)","background-image":"","background-repeat":"repeat","background-position":"center center","background-size":"auto","background-attachment":"scroll","background-type":"","background-media":"","overlay-type":"","overlay-color":"","overlay-gradient":""},"tablet":{"background-color":"","background-image":"","background-repeat":"repeat","background-position":"center center","background-size":"auto","background-attachment":"scroll","background-type":"","background-media":"","overlay-type":"","overlay-color":"","overlay-gradient":""},"mobile":{"background-color":"","background-image":"","background-repeat":"repeat","background-position":"center center","background-size":"auto","background-attachment":"scroll","background-type":"","background-media":"","overlay-type":"","overlay-color":"","overlay-gradient":""}},"ast-content-background-meta":{"desktop":{"background-color":"var(--ast-global-color-5)","background-image":"","background-repeat":"repeat","background-position":"center center","background-size":"auto","background-attachment":"scroll","background-type":"","background-media":"","overlay-type":"","overlay-color":"","overlay-gradient":""},"tablet":{"background-color":"var(--ast-global-color-5)","background-image":"","background-repeat":"repeat","background-position":"center center","background-size":"auto","background-attachment":"scroll","background-type":"","background-media":"","overlay-type":"","overlay-color":"","overlay-gradient":""},"mobile":{"background-color":"var(--ast-global-color-5)","background-image":"","background-repeat":"repeat","background-position":"center center","background-size":"auto","background-attachment":"scroll","background-type":"","background-media":"","overlay-type":"","overlay-color":"","overlay-gradient":""}},"footnotes":""},"class_list":["post-2398","page","type-page","status-publish","hentry"],"_links":{"self":[{"href":"https:\/\/mosareldecor.com\/index.php\/wp-json\/wp\/v2\/pages\/2398","targetHints":{"allow":["GET"]}}],"collection":[{"href":"https:\/\/mosareldecor.com\/index.php\/wp-json\/wp\/v2\/pages"}],"about":[{"href":"https:\/\/mosareldecor.com\/index.php\/wp-json\/wp\/v2\/types\/page"}],"author":[{"embeddable":true,"href":"https:\/\/mosareldecor.com\/index.php\/wp-json\/wp\/v2\/users\/2"}],"replies":[{"embeddable":true,"href":"https:\/\/mosareldecor.com\/index.php\/wp-json\/wp\/v2\/comments?post=2398"}],"version-history":[{"count":5,"href":"https:\/\/mosareldecor.com\/index.php\/wp-json\/wp\/v2\/pages\/2398\/revisions"}],"predecessor-version":[{"id":2410,"href":"https:\/\/mosareldecor.com\/index.php\/wp-json\/wp\/v2\/pages\/2398\/revisions\/2410"}],"wp:attachment":[{"href":"https:\/\/mosareldecor.com\/index.php\/wp-json\/wp\/v2\/media?parent=2398"}],"curies":[{"name":"wp","href":"https:\/\/api.w.org\/{rel}","templated":true}]}}