{"id":231,"date":"2023-11-20T20:23:21","date_gmt":"2023-11-20T20:23:21","guid":{"rendered":"https:\/\/mosareldecor.com\/?page_id=231"},"modified":"2023-11-30T22:44:07","modified_gmt":"2023-11-30T22:44:07","slug":"aviso-de-privacidad","status":"publish","type":"page","link":"https:\/\/mosareldecor.com\/index.php\/aviso-de-privacidad\/","title":{"rendered":"Aviso de privacidad"},"content":{"rendered":"<div class=\"wpb-content-wrapper\"><p>[vc_row][vc_column][vc_column_text css=&#8221;.vc_custom_1701384238030{padding-right: 10px !important;padding-left: 10px !important;}&#8221;]<\/p>\n<p><strong>AVISO DE PRIVACIDAD<\/strong><\/p>\n\n<p>GUISIRO, mejor conocido como MOSAREL DECOR, con domicilio en calle BLVD. JOSE MUSA DE LEON 3040-8, colonia San Jos\u00e9 Residencial, ciudad Saltillo, municipio o delegaci\u00f3n Saltillo, c.p. 25204, en la entidad de COAHUILA, pa\u00eds M\u00e9xico, y portal de internet www.mosareldecor.com, es el responsable del uso y protecci\u00f3n de sus datos personales, y al respecto le informamos lo siguiente:<\/p>\n\n<p><strong>\u00bfPara qu\u00e9 fines utilizaremos sus datos personales?<\/strong><\/p>\n\n<p>Los datos personales que recabamos de usted, los utilizaremos para las siguientes finalidades que son necesarias para el servicio que solicita:<\/p>\n\n\n<ul class=\"wp-block-list\">\n<li style=\"list-style-type: none;\">\n<ul><\/p>\n<li>Atender y validar su solicitud de pedido.<\/li>\n\n\n<li>Informar sobre promociones, ofertas y descuentos, el lanzamiento de nuevos productos, cambios y beneficios de productos, cambios de precios, disponibilidad de productos, condiciones, formas de pago y beneficios en los productos.<\/li>\n\n\n<li>Atender aclaraciones e investigaciones, as\u00ed como dudas.<\/li>\n\n\n<li>Informar o administrar su participaci\u00f3n en eventos especiales, concursos, sorteos, programas, encuestas, u ofertas.<\/li>\n\n\n<li>Evaluar y mejorar la calidad de nuestros productos y servicios.<\/li>\n\n\n<li>Cumplir las diversas disposiciones legales vigentes y aplicables a nuestro negocio y actividades.<\/li>\n\n\n<li>Atender requerimientos de cualquier autoridad competente.<\/li>\n\n\n<li>Contactarlo para tratar cualquier tema relacionado con sus datos personales o con el presente aviso de privacidad.<\/li>\n<\/ul>\n<\/li>\n<\/ul>\n\n\n<p>De manera adicional, utilizaremos su informaci\u00f3n personal para las siguientes finalidades secundarias que no son necesarias para el servicio solicitado, pero que nos permiten y facilitan brindarle una mejor atenci\u00f3n:<\/p>\n\n\n<ul class=\"wp-block-list\">\n<li style=\"list-style-type: none;\">\n<ul><\/p>\n<li>Mercadotecnia o publicitaria<\/li>\n\n\n<li>Prospecci\u00f3n comercial<\/li>\n<\/ul>\n<\/li>\n<\/ul>\n\n\n<p>En caso de que no desee que sus datos personales se utilicen para estos fines secundarios, por favor, env\u00ede un correo electr\u00f3nico a info@mosareldecor.com con su solicitud.<\/p>\n\n<p>La negativa para el uso de sus datos personales para estas finalidades no podr\u00e1 ser un motivo para que le neguemos los servicios y productos que solicita o contrata con nosotros.<\/p>\n\n<p><strong>\u00bfQu\u00e9 datos personales utilizaremos para estos fines?<\/strong><\/p>\n\n<p>Para llevar a cabo las finalidades descritas en el presente aviso de privacidad, utilizaremos los siguientes datos personales:<\/p>\n\n\n<ul class=\"wp-block-list\">\n<li style=\"list-style-type: none;\">\n<ul><\/p>\n<li>Nombre<\/li>\n\n\n<li>Registro Federal de Contribuyentes (RFC)<\/li>\n\n\n<li>Domicilio<\/li>\n\n\n<li>Tel\u00e9fono particular<\/li>\n\n\n<li>Tel\u00e9fono celular<\/li>\n\n\n<li>Correo electr\u00f3nico<\/li>\n\n\n<li>R\u00e9gimen fiscal<\/li>\n<\/ul>\n<\/li>\n<\/ul>\n\n\n<p><strong>\u00bfCon qui\u00e9n compartimos su informaci\u00f3n personal y para qu\u00e9 fines?<\/strong><\/p>\n\n<p>Le informamos que sus datos personales son compartidos dentro del pa\u00eds con las siguientes personas, empresas, organizaciones o autoridades distintas a nosotros, para los siguientes fines:<\/p>\n\n<p>Destinatario de los datos personales \u00a0\u00a0\u00a0 \u00a0\u00a0 SERVICIOS DE PAQUETER\u00cdA<\/p>\n\n<p>Finalidad \u00a0\u00a0\u00a0\u00a0\u00a0\u00a0\u00a0\u00a0\u00a0\u00a0\u00a0 \u00a0\u00a0\u00a0\u00a0\u00a0\u00a0\u00a0\u00a0\u00a0\u00a0\u00a0\u00a0\u00a0\u00a0\u00a0\u00a0\u00a0\u00a0\u00a0\u00a0\u00a0\u00a0\u00a0\u00a0\u00a0\u00a0\u00a0\u00a0\u00a0\u00a0\u00a0\u00a0\u00a0\u00a0\u00a0\u00a0\u00a0\u00a0\u00a0\u00a0\u00a0\u00a0\u00a0\u00a0\u00a0\u00a0\u00a0\u00a0\u00a0\u00a0\u00a0\u00a0\u00a0\u00a0\u00a0\u00a0\u00a0 ENV\u00cdO DE PEDIDOS<\/p>\n\n<p>Requiere del consentimiento\u00a0\u00a0\u00a0\u00a0\u00a0\u00a0\u00a0\u00a0\u00a0\u00a0\u00a0\u00a0\u00a0\u00a0\u00a0\u00a0\u00a0\u00a0\u00a0\u00a0\u00a0\u00a0\u00a0\u00a0\u00a0\u00a0\u00a0 S\u00cd<\/p>\n\n<p><strong>\u00bfC\u00f3mo puede acceder, rectificar o cancelar sus datos personales, u oponerse a su uso?<\/strong><\/p>\n\n<p>Usted tiene derecho a conocer qu\u00e9 datos personales tenemos de usted, para qu\u00e9 los utilizamos y las condiciones del uso que les damos (Acceso). Asimismo, es su derecho solicitar la correcci\u00f3n de su informaci\u00f3n personal en caso de que est\u00e9 desactualizada, sea inexacta o incompleta (Rectificaci\u00f3n); que la eliminemos de nuestros registros o bases de datos cuando considere que la misma no est\u00e1 siendo utilizada adecuadamente (Cancelaci\u00f3n); as\u00ed como oponerse al uso de sus datos personales para fines espec\u00edficos (Oposici\u00f3n). Estos derechos se conocen como derechos ARCO.<\/p>\n\n<p>Para el ejercicio de cualquiera de los derechos ARCO, usted deber\u00e1 presentar la solicitud respectiva a trav\u00e9s del siguiente medio:\u00a0enviando un correo electr\u00f3nico a info@mosareldecor.com<\/p>\n\n<p>Con relaci\u00f3n al procedimiento y requisitos para el ejercicio de sus derechos ARCO, le informamos lo siguiente:<\/p>\n\n\n<ol class=\"wp-block-list\" start=\"1\">\n<li style=\"list-style-type: none;\">\n<ol start=\"1\"><\/p>\n<li>a) \u00bfA trav\u00e9s de qu\u00e9 medios pueden acreditar su identidad el titular y, en su caso, su representante, as\u00ed como la personalidad este \u00faltimo?<\/li>\n<\/ol>\n<\/li>\n<\/ol>\n\n\n<p>La solicitud se deber\u00e1 acompa\u00f1ar de copia simple de una identificaci\u00f3n oficial de usted como titular de los datos personales, as\u00ed como de su representante, en caso de que \u00e9ste sea quien presente la solicitud.<\/p>\n\n\n<ol class=\"wp-block-list\" start=\"1\">\n<li style=\"list-style-type: none;\">\n<ol start=\"1\"><\/p>\n<li>b) \u00bfQu\u00e9 informaci\u00f3n y\/o documentaci\u00f3n deber\u00e1 contener la solicitud?<\/li>\n\n\n<li>Nombre del titular de los datos personales.<\/li>\n\n\n<li>Documentos que acrediten la identidad del titular. En su caso, nombre del representante del titular y documentos para acreditar su identidad y personalidad.<\/li>\n\n\n<li>Domicilio o cualquier medio para recibir notificaciones.<\/li>\n\n\n<li>Descripci\u00f3n clara y precisa de los datos personales que se quieran rectificar, cancelar u oponerse a su tratamiento.<\/li>\n\n\n<li>Descripci\u00f3n del derecho que se quiere ejercer o de lo que solicita el titular. \u00a0En su caso, documentos o informaci\u00f3n que faciliten la localizaci\u00f3n de los datos personales.<\/li>\n<\/ol>\n<\/li>\n<\/ol>\n\n\n\n<ol class=\"wp-block-list\" start=\"1\">\n<li style=\"list-style-type: none;\">\n<ol start=\"1\"><\/p>\n<li>c) \u00bfEn cu\u00e1ntos d\u00edas le daremos respuesta a su solicitud?<\/li>\n<\/ol>\n<\/li>\n<\/ol>\n\n\n<p>En un plazo m\u00e1ximo de 20 d\u00edas h\u00e1biles contados a partir del d\u00eda en que reciba su solicitud<\/p>\n\n\n<ol class=\"wp-block-list\" start=\"1\">\n<li style=\"list-style-type: none;\">\n<ol start=\"1\"><\/p>\n<li>d) \u00bfPor qu\u00e9 medio le comunicaremos la respuesta a su solicitud?<\/li>\n<\/ol>\n<\/li>\n<\/ol>\n\n\n<p>Contestando sobre la procedencia de la misma por medio de correo electr\u00f3nico dirigido a la direcci\u00f3n que haya indicado en la propia solicitud o enviando carta al domicilio que haya indicado.<\/p>\n\n\n<ol class=\"wp-block-list\" start=\"1\">\n<li style=\"list-style-type: none;\">\n<ol start=\"1\"><\/p>\n<li>e) \u00bfEn qu\u00e9 medios se pueden reproducir los datos personales que, en su caso, solicite?<\/li>\n<\/ol>\n<\/li>\n<\/ol>\n\n\n<p>Por correo electr\u00f3nico.<\/p>\n\n<p>Los datos de contacto de la persona o departamento de datos personales, que est\u00e1 a cargo de dar tr\u00e1mite a las solicitudes de derechos ARCO, son los siguientes:<\/p>\n\n\n<ol class=\"wp-block-list\" start=\"1\">\n<li style=\"list-style-type: none;\">\n<ol start=\"1\"><\/p>\n<li>a) Nombre de la persona o departamento de datos personales: GUISIRO S DE RL DE CV<\/li>\n\n\n<li>b) Domicilio: calle Blvd. Jos\u00e9 Musa de Le\u00f3n 3040-8, colonia San Jos\u00e9, ciudad Saltillo, municipio o delegaci\u00f3n Saltillo, c.p. 25204, en la entidad de Coahuila, pa\u00eds M\u00e9xico<\/li>\n\n\n<li>c) Correo electr\u00f3nico: info@mosareldecor.com<\/li>\n\n\n<li>d) N\u00famero telef\u00f3nico: 8442869616<\/li>\n<\/ol>\n<\/li>\n<\/ol>\n\n\n<p><strong>Usted puede revocar su consentimiento para el uso de sus datos personales<\/strong><\/p>\n\n<p>Usted puede revocar el consentimiento que, en su caso, nos haya otorgado para el tratamiento de sus datos personales. Sin embargo, es importante que tenga en cuenta que no en todos los casos podremos atender su solicitud o concluir el uso de forma inmediata, ya que es posible que por alguna obligaci\u00f3n legal requiramos seguir tratando sus datos personales. Asimismo, usted deber\u00e1 considerar que, para ciertos fines, la revocaci\u00f3n de su consentimiento implicar\u00e1 que no le podamos seguir prestando el servicio que nos solicit\u00f3, o la conclusi\u00f3n de su relaci\u00f3n con nosotros.<\/p>\n\n<p>Para revocar su consentimiento deber\u00e1 presentar su solicitud a trav\u00e9s del siguiente medio:<\/p>\n\n<p>A trav\u00e9s de un correo electr\u00f3nico a info@mosareldecor.com<\/p>\n\n<p>Con relaci\u00f3n al procedimiento y requisitos para la revocaci\u00f3n de su consentimiento, le informamos lo siguiente:<\/p>\n\n\n<ol class=\"wp-block-list\" start=\"1\">\n<li style=\"list-style-type: none;\">\n<ol start=\"1\"><\/p>\n<li>a) \u00bfA trav\u00e9s de qu\u00e9 medios pueden acreditar su identidad el titular y, en su caso, su representante, as\u00ed como la personalidad este \u00faltimo?<\/li>\n<\/ol>\n<\/li>\n<\/ol>\n\n\n<p>Correo electr\u00f3nico a info@mosareldecor.com<\/p>\n\n\n<ol class=\"wp-block-list\" start=\"1\">\n<li style=\"list-style-type: none;\">\n<ol start=\"1\"><\/p>\n<li>b) \u00bfQu\u00e9 informaci\u00f3n y\/o documentaci\u00f3n deber\u00e1 contener la solicitud?<\/li>\n<\/ol>\n<\/li>\n<\/ol>\n\n\n<p>Datos de identificaci\u00f3n del titular y la solicitud de revocaci\u00f3n.<\/p>\n\n\n<ol class=\"wp-block-list\" start=\"1\">\n<li style=\"list-style-type: none;\">\n<ol start=\"1\"><\/p>\n<li>c) \u00bfEn cu\u00e1ntos d\u00edas le daremos respuesta a su solicitud?<\/li>\n<\/ol>\n<\/li>\n<\/ol>\n\n\n<p>En 20 d\u00edas despu\u00e9s de su recepci\u00f3n.<\/p>\n\n\n<ol class=\"wp-block-list\" start=\"1\">\n<li style=\"list-style-type: none;\">\n<ol start=\"1\"><\/p>\n<li>d) \u00bfPor qu\u00e9 medio le comunicaremos la respuesta a su solicitud?<\/li>\n<\/ol>\n<\/li>\n<\/ol>\n\n\n<p>Al correo electr\u00f3nico indicado en su solicitud.<\/p>\n\n<p>\u00bfC\u00f3mo puede limitar el uso o divulgaci\u00f3n de su informaci\u00f3n personal?<\/p>\n\n<p>Con objeto de que usted pueda limitar el uso y divulgaci\u00f3n de su informaci\u00f3n personal, le ofrecemos los siguientes medios:<\/p>\n\n<p>Enviando correo electr\u00f3nico a info@mosareldecor.com o en caso de haberse suscrito a la News Letter cancelando su suscripci\u00f3n desde su correo electr\u00f3nico.<\/p>\n\n<p><strong>El uso de tecnolog\u00edas de rastreo en nuestro portal de internet<\/strong><\/p>\n\n<p>Le informamos que en nuestra p\u00e1gina de internet utilizamos cookies, web beacons u otras tecnolog\u00edas, a trav\u00e9s de las cuales es posible monitorear su comportamiento como usuario de internet, as\u00ed como brindarle un mejor servicio y experiencia al navegar en nuestra p\u00e1gina. Los datos personales que recabamos a trav\u00e9s de estas tecnolog\u00edas, los utilizaremos para los siguientes fines:<\/p>\n\n<p>Para asegurar que el sitio web funcione correctamente y ofrecer una mejor experiencia al usuario.<\/p>\n\n<p>Los datos personales que obtenemos de estas tecnolog\u00edas de rastreo son los siguientes:<\/p>\n\n<p>Identificadores, nombre de usuario y contrase\u00f1as de una sesi\u00f3n<\/p>\n\n<p>Regi\u00f3n en la que se encuentra el usuario<\/p>\n\n<p>P\u00e1ginas web visitadas por un usuario<\/p>\n\n<p>B\u00fasquedas realizadas por un usuario<\/p>\n\n<p>Publicidad revisada por un usuario<\/p>\n\n<p>Listas y h\u00e1bitos de consumo en p\u00e1ginas de compras<\/p>\n\n<p>Estas tecnolog\u00edas podr\u00e1n deshabilitarse siguiendo los siguientes pasos: Es posible deshabilitar estas tecnolog\u00edas reestableciendo su navegador web.<\/p>\n\n<p><strong>\u00bfC\u00f3mo puede conocer los cambios en este aviso de privacidad?<\/strong><\/p>\n\n<p>El presente aviso de privacidad puede sufrir modificaciones, cambios o actualizaciones derivadas de nuevos requerimientos legales; de nuestras propias necesidades por los productos o servicios que ofrecemos; de nuestras pr\u00e1cticas de privacidad; de cambios en nuestro modelo de negocio, o por otras causas.<\/p>\n\n<p>Nos comprometemos a mantenerlo informado sobre los cambios que pueda sufrir el presente aviso de privacidad, a trav\u00e9s de la p\u00e1gina web en la secci\u00f3n <strong>Aviso de Privacidad.<\/strong><\/p>\n\n<p>El procedimiento a trav\u00e9s del cual se llevar\u00e1n a cabo las notificaciones sobre cambios o actualizaciones al presente aviso de privacidad es el siguiente:<\/p>\n\n<p>A trav\u00e9s de la p\u00e1gina web en la secci\u00f3n Aviso de Privacidad.<\/p>\n\n<p>Su consentimiento para el tratamiento de sus datos personales<\/p>\n\n<p>El presente Aviso de Privacidad constituye un acuerdo v\u00e1lido entre el usuario y Mosarel Decor. Si Usted utiliza nuestro Sitio Web y las herramientas que se encuentran \u00e9l, o bien nuestros servicios, significa que ha le\u00eddo, entendido, est\u00e1 de acuerdo y otorga consentimiento expreso con los t\u00e9rminos aqu\u00ed establecidos.<\/p>\n\n<p>\u00daltima actualizaci\u00f3n: 24\/06\/2023<\/p>\n\n<p>&nbsp;<\/p>\n<p>[\/vc_column_text][\/vc_column][\/vc_row]<\/p>\n<\/div>","protected":false},"excerpt":{"rendered":"<p>[vc_row][vc_column][vc_column_text css=&#8221;.vc_custom_1701384238030{padding-right: 10px !important;padding-left: 10px !important;}&#8221;] AVISO DE PRIVACIDAD GUISIRO, mejor conocido como MOSAREL DECOR, con domicilio en calle BLVD. [&hellip;]<\/p>\n","protected":false},"author":1,"featured_media":0,"parent":0,"menu_order":0,"comment_status":"closed","ping_status":"closed","template":"","meta":{"site-sidebar-layout":"default","site-content-layout":"","ast-site-content-layout":"","site-content-style":"default","site-sidebar-style":"default","ast-global-header-display":"","ast-banner-title-visibility":"","ast-main-header-display":"","ast-hfb-above-header-display":"","ast-hfb-below-header-display":"","ast-hfb-mobile-header-display":"","site-post-title":"disabled","ast-breadcrumbs-content":"","ast-featured-img":"","footer-sml-layout":"","theme-transparent-header-meta":"","adv-header-id-meta":"","stick-header-meta":"","header-above-stick-meta":"","header-main-stick-meta":"","header-below-stick-meta":"","astra-migrate-meta-layouts":"","ast-page-background-enabled":"default","ast-page-background-meta":{"desktop":{"background-color":"var(--ast-global-color-4)","background-image":"","background-repeat":"repeat","background-position":"center center","background-size":"auto","background-attachment":"scroll","background-type":"","background-media":"","overlay-type":"","overlay-color":"","overlay-gradient":""},"tablet":{"background-color":"","background-image":"","background-repeat":"repeat","background-position":"center center","background-size":"auto","background-attachment":"scroll","background-type":"","background-media":"","overlay-type":"","overlay-color":"","overlay-gradient":""},"mobile":{"background-color":"","background-image":"","background-repeat":"repeat","background-position":"center center","background-size":"auto","background-attachment":"scroll","background-type":"","background-media":"","overlay-type":"","overlay-color":"","overlay-gradient":""}},"ast-content-background-meta":{"desktop":{"background-color":"var(--ast-global-color-5)","background-image":"","background-repeat":"repeat","background-position":"center center","background-size":"auto","background-attachment":"scroll","background-type":"","background-media":"","overlay-type":"","overlay-color":"","overlay-gradient":""},"tablet":{"background-color":"var(--ast-global-color-5)","background-image":"","background-repeat":"repeat","background-position":"center center","background-size":"auto","background-attachment":"scroll","background-type":"","background-media":"","overlay-type":"","overlay-color":"","overlay-gradient":""},"mobile":{"background-color":"var(--ast-global-color-5)","background-image":"","background-repeat":"repeat","background-position":"center center","background-size":"auto","background-attachment":"scroll","background-type":"","background-media":"","overlay-type":"","overlay-color":"","overlay-gradient":""}},"footnotes":""},"class_list":["post-231","page","type-page","status-publish","hentry"],"_links":{"self":[{"href":"https:\/\/mosareldecor.com\/index.php\/wp-json\/wp\/v2\/pages\/231","targetHints":{"allow":["GET"]}}],"collection":[{"href":"https:\/\/mosareldecor.com\/index.php\/wp-json\/wp\/v2\/pages"}],"about":[{"href":"https:\/\/mosareldecor.com\/index.php\/wp-json\/wp\/v2\/types\/page"}],"author":[{"embeddable":true,"href":"https:\/\/mosareldecor.com\/index.php\/wp-json\/wp\/v2\/users\/1"}],"replies":[{"embeddable":true,"href":"https:\/\/mosareldecor.com\/index.php\/wp-json\/wp\/v2\/comments?post=231"}],"version-history":[{"count":5,"href":"https:\/\/mosareldecor.com\/index.php\/wp-json\/wp\/v2\/pages\/231\/revisions"}],"predecessor-version":[{"id":577,"href":"https:\/\/mosareldecor.com\/index.php\/wp-json\/wp\/v2\/pages\/231\/revisions\/577"}],"wp:attachment":[{"href":"https:\/\/mosareldecor.com\/index.php\/wp-json\/wp\/v2\/media?parent=231"}],"curies":[{"name":"wp","href":"https:\/\/api.w.org\/{rel}","templated":true}]}}