{"id":1825,"date":"2024-05-25T23:22:26","date_gmt":"2024-05-25T23:22:26","guid":{"rendered":"https:\/\/mosareldecor.com\/?page_id=1825"},"modified":"2024-06-19T05:24:45","modified_gmt":"2024-06-19T05:24:45","slug":"talleres-presenciales","status":"publish","type":"page","link":"https:\/\/mosareldecor.com\/index.php\/talleres-presenciales\/","title":{"rendered":"Talleres presenciales"},"content":{"rendered":"<div class=\"wpb-content-wrapper\"><p>[vc_row][vc_column]<div class=\"woocommerce columns-3 \"><ul class=\"products columns-3\">\n<li class=\"desktop-align-center tablet-align-left mobile-align-left product type-product post-1420 status-publish first instock product_cat-cursos product_cat-cursos-presenciales product_tag-cursos has-post-thumbnail featured taxable shipping-taxable purchasable product-type-variable\">\n\t<a href=\"https:\/\/mosareldecor.com\/index.php\/product\/taller-trae-tu-mueble\/\" class=\"woocommerce-LoopProduct-link woocommerce-loop-product__link\"><img loading=\"lazy\" decoding=\"async\" width=\"350\" height=\"438\" src=\"https:\/\/mosareldecor.com\/wp-content\/uploads\/2024\/05\/1-4-350x438.jpg\" class=\"attachment-woocommerce_thumbnail size-woocommerce_thumbnail\" alt=\"Taller &quot;Trae tu mueble&quot; (presencial)\" srcset=\"https:\/\/mosareldecor.com\/wp-content\/uploads\/2024\/05\/1-4-350x438.jpg 350w, https:\/\/mosareldecor.com\/wp-content\/uploads\/2024\/05\/1-4-240x300.jpg 240w, https:\/\/mosareldecor.com\/wp-content\/uploads\/2024\/05\/1-4-640x800.jpg 640w, https:\/\/mosareldecor.com\/wp-content\/uploads\/2024\/05\/1-4-768x960.jpg 768w, https:\/\/mosareldecor.com\/wp-content\/uploads\/2024\/05\/1-4.jpg 1080w\" sizes=\"auto, (max-width: 350px) 100vw, 350px\" \/><h2 class=\"woocommerce-loop-product__title\">Taller &#8220;Trae tu mueble&#8221; (presencial)<\/h2><div class=\"star-rating\"><span style=\"width:0%\">Valorado en <strong class=\"rating\">0<\/strong> de 5<\/span><\/div>\n\t<span class=\"price\"><span class=\"woocommerce-Price-amount amount\"><bdi><span class=\"woocommerce-Price-currencySymbol\">&#36;<\/span>4,000.00<\/bdi><\/span><\/span>\n<\/a><a href=\"https:\/\/mosareldecor.com\/index.php\/product\/taller-trae-tu-mueble\/\" aria-describedby=\"woocommerce_loop_add_to_cart_link_describedby_1420\" data-quantity=\"1\" class=\"button product_type_variable add_to_cart_button\" data-product_id=\"1420\" data-product_sku=\"\" aria-label=\"Elige las opciones para &ldquo;Taller &quot;Trae tu mueble&quot; (presencial)&rdquo;\" rel=\"nofollow\">Seleccionar opciones<\/a>\t<span id=\"woocommerce_loop_add_to_cart_link_describedby_1420\" class=\"screen-reader-text\">\n\t\tEste producto tiene m\u00faltiples variantes. Las opciones se pueden elegir en la p\u00e1gina de producto\t<\/span>\n<\/li>\n<li class=\"desktop-align-center tablet-align-left mobile-align-left product type-product post-3341 status-publish instock product_cat-cursos-presenciales product_cat-cursos product_tag-cursos has-post-thumbnail featured taxable shipping-taxable purchasable product-type-variable\">\n\t<a href=\"https:\/\/mosareldecor.com\/index.php\/product\/taller-tecnicas-fantasia\/\" class=\"woocommerce-LoopProduct-link woocommerce-loop-product__link\"><img loading=\"lazy\" decoding=\"async\" width=\"350\" height=\"438\" src=\"https:\/\/mosareldecor.com\/wp-content\/uploads\/2025\/07\/1-350x438.png\" class=\"attachment-woocommerce_thumbnail size-woocommerce_thumbnail\" alt=\"aprende a crear un mueble de fantas\u00eda como un profesional con Mosarel DECOR\" srcset=\"https:\/\/mosareldecor.com\/wp-content\/uploads\/2025\/07\/1-350x438.png 350w, https:\/\/mosareldecor.com\/wp-content\/uploads\/2025\/07\/1-240x300.png 240w, https:\/\/mosareldecor.com\/wp-content\/uploads\/2025\/07\/1-640x800.png 640w, https:\/\/mosareldecor.com\/wp-content\/uploads\/2025\/07\/1-768x960.png 768w, https:\/\/mosareldecor.com\/wp-content\/uploads\/2025\/07\/1.png 1080w\" sizes=\"auto, (max-width: 350px) 100vw, 350px\" \/><h2 class=\"woocommerce-loop-product__title\">Taller &#8220;muebles de fantas\u00eda&#8221; (presencial)<\/h2><div class=\"star-rating\"><span style=\"width:0%\">Valorado en <strong class=\"rating\">0<\/strong> de 5<\/span><\/div>\n\t<span class=\"price\"><span class=\"woocommerce-Price-amount amount\"><bdi><span class=\"woocommerce-Price-currencySymbol\">&#36;<\/span>1,950.00<\/bdi><\/span><\/span>\n<\/a><a href=\"https:\/\/mosareldecor.com\/index.php\/product\/taller-tecnicas-fantasia\/\" aria-describedby=\"woocommerce_loop_add_to_cart_link_describedby_3341\" data-quantity=\"1\" class=\"button product_type_variable add_to_cart_button\" data-product_id=\"3341\" data-product_sku=\"\" aria-label=\"Elige las opciones para &ldquo;Taller &quot;muebles de fantas\u00eda&quot; (presencial)&rdquo;\" rel=\"nofollow\">Seleccionar opciones<\/a>\t<span id=\"woocommerce_loop_add_to_cart_link_describedby_3341\" class=\"screen-reader-text\">\n\t\tEste producto tiene m\u00faltiples variantes. Las opciones se pueden elegir en la p\u00e1gina de producto\t<\/span>\n<\/li>\n<li class=\"desktop-align-center tablet-align-left mobile-align-left product type-product post-1844 status-publish last instock product_cat-cursos-presenciales product_cat-cursos product_tag-cursos has-post-thumbnail featured taxable shipping-taxable purchasable product-type-variable\">\n\t<a href=\"https:\/\/mosareldecor.com\/index.php\/product\/taller-esenciales\/\" class=\"woocommerce-LoopProduct-link woocommerce-loop-product__link\"><img loading=\"lazy\" decoding=\"async\" width=\"350\" height=\"438\" src=\"https:\/\/mosareldecor.com\/wp-content\/uploads\/2024\/05\/2-1-350x438.png\" class=\"attachment-woocommerce_thumbnail size-woocommerce_thumbnail\" alt=\"Aprende las t\u00e9cnicas esenciales para iniciar a transformar tus muebles: aplicaci\u00f3n de pintura mineral, efectos de p\u00e1tinas con ceras, sellos, aplicaci\u00f3n de imitaci\u00f3n de hoja de oro y una t\u00e9cnica especial de envejecido por capas para unos muebles HERMOSOS\" srcset=\"https:\/\/mosareldecor.com\/wp-content\/uploads\/2024\/05\/2-1-350x438.png 350w, https:\/\/mosareldecor.com\/wp-content\/uploads\/2024\/05\/2-1-240x300.png 240w, https:\/\/mosareldecor.com\/wp-content\/uploads\/2024\/05\/2-1-640x800.png 640w, https:\/\/mosareldecor.com\/wp-content\/uploads\/2024\/05\/2-1-768x960.png 768w, https:\/\/mosareldecor.com\/wp-content\/uploads\/2024\/05\/2-1.png 1080w\" sizes=\"auto, (max-width: 350px) 100vw, 350px\" \/><h2 class=\"woocommerce-loop-product__title\">Taller t\u00e9cnicas esenciales (presencial)<\/h2><div class=\"star-rating\"><span style=\"width:0%\">Valorado en <strong class=\"rating\">0<\/strong> de 5<\/span><\/div>\n\t<span class=\"price\"><span class=\"woocommerce-Price-amount amount\"><bdi><span class=\"woocommerce-Price-currencySymbol\">&#36;<\/span>1,950.00<\/bdi><\/span><\/span>\n<\/a><a href=\"https:\/\/mosareldecor.com\/index.php\/product\/taller-esenciales\/\" aria-describedby=\"woocommerce_loop_add_to_cart_link_describedby_1844\" data-quantity=\"1\" class=\"button product_type_variable add_to_cart_button\" data-product_id=\"1844\" data-product_sku=\"\" aria-label=\"Elige las opciones para &ldquo;Taller t\u00e9cnicas esenciales (presencial)&rdquo;\" rel=\"nofollow\">Seleccionar opciones<\/a>\t<span id=\"woocommerce_loop_add_to_cart_link_describedby_1844\" class=\"screen-reader-text\">\n\t\tEste producto tiene m\u00faltiples variantes. Las opciones se pueden elegir en la p\u00e1gina de producto\t<\/span>\n<\/li>\n<\/ul>\n<\/div>[vc_column_text css=&#8221;&#8221;]<\/p>\n<h4>Taller &#8220;Trae tu mueble&#8221;<\/h4>\n<p>[\/vc_column_text][vc_row_inner][vc_column_inner width=&#8221;1\/3&#8243;][vc_gallery interval=&#8221;0&#8243; images=&#8221;1681,1680,1679&#8243; img_size=&#8221;1080&#215;1350&#8243; css=&#8221;&#8221;][\/vc_column_inner][vc_column_inner width=&#8221;1\/3&#8243;][vc_gallery interval=&#8221;0&#8243; images=&#8221;1686,1687,1688&#8243; img_size=&#8221;1080&#215;1350&#8243; css=&#8221;&#8221;][\/vc_column_inner][vc_column_inner width=&#8221;1\/3&#8243;][vc_gallery interval=&#8221;0&#8243; images=&#8221;1690,1692,1691&#8243; img_size=&#8221;1080&#215;1350&#8243; css=&#8221;&#8221;][\/vc_column_inner][\/vc_row_inner][vc_column_text css=&#8221;&#8221;]<\/p>\n<h4>Otros talleres con pr\u00e1ctica en tabla<\/h4>\n<p>[\/vc_column_text][vc_row_inner][vc_column_inner width=&#8221;1\/3&#8243;][vc_gallery interval=&#8221;0&#8243; images=&#8221;1836&#8243; img_size=&#8221;1080&#215;1350&#8243; css=&#8221;&#8221;][\/vc_column_inner][vc_column_inner width=&#8221;1\/3&#8243;][vc_gallery interval=&#8221;0&#8243; images=&#8221;1839&#8243; img_size=&#8221;1080&#215;1350&#8243; css=&#8221;&#8221;][\/vc_column_inner][vc_column_inner width=&#8221;1\/3&#8243;][vc_gallery interval=&#8221;0&#8243; images=&#8221;1841&#8243; img_size=&#8221;1080&#215;1350&#8243; css=&#8221;&#8221;][\/vc_column_inner][\/vc_row_inner][\/vc_column][\/vc_row]<\/p>\n<\/div>","protected":false},"excerpt":{"rendered":"<p>[vc_row][vc_column][vc_column_text css=&#8221;&#8221;] Taller &#8220;Trae tu mueble&#8221; [\/vc_column_text][vc_row_inner][vc_column_inner width=&#8221;1\/3&#8243;][vc_gallery interval=&#8221;0&#8243; images=&#8221;1681,1680,1679&#8243; img_size=&#8221;1080&#215;1350&#8243; css=&#8221;&#8221;][\/vc_column_inner][vc_column_inner width=&#8221;1\/3&#8243;][vc_gallery interval=&#8221;0&#8243; images=&#8221;1686,1687,1688&#8243; img_size=&#8221;1080&#215;1350&#8243; css=&#8221;&#8221;][\/vc_column_inner][vc_column_inner width=&#8221;1\/3&#8243;][vc_gallery interval=&#8221;0&#8243; images=&#8221;1690,1692,1691&#8243; [&hellip;]<\/p>\n","protected":false},"author":2,"featured_media":0,"parent":0,"menu_order":0,"comment_status":"closed","ping_status":"closed","template":"","meta":{"site-sidebar-layout":"no-sidebar","site-content-layout":"plain-container","ast-site-content-layout":"","site-content-style":"default","site-sidebar-style":"default","ast-global-header-display":"","ast-banner-title-visibility":"","ast-main-header-display":"","ast-hfb-above-header-display":"","ast-hfb-below-header-display":"","ast-hfb-mobile-header-display":"","site-post-title":"disabled","ast-breadcrumbs-content":"","ast-featured-img":"disabled","footer-sml-layout":"","theme-transparent-header-meta":"","adv-header-id-meta":"","stick-header-meta":"","header-above-stick-meta":"","header-main-stick-meta":"","header-below-stick-meta":"","astra-migrate-meta-layouts":"default","ast-page-background-enabled":"default","ast-page-background-meta":{"desktop":{"background-color":"var(--ast-global-color-4)","background-image":"","background-repeat":"repeat","background-position":"center center","background-size":"auto","background-attachment":"scroll","background-type":"","background-media":"","overlay-type":"","overlay-color":"","overlay-gradient":""},"tablet":{"background-color":"","background-image":"","background-repeat":"repeat","background-position":"center center","background-size":"auto","background-attachment":"scroll","background-type":"","background-media":"","overlay-type":"","overlay-color":"","overlay-gradient":""},"mobile":{"background-color":"","background-image":"","background-repeat":"repeat","background-position":"center center","background-size":"auto","background-attachment":"scroll","background-type":"","background-media":"","overlay-type":"","overlay-color":"","overlay-gradient":""}},"ast-content-background-meta":{"desktop":{"background-color":"var(--ast-global-color-5)","background-image":"","background-repeat":"repeat","background-position":"center center","background-size":"auto","background-attachment":"scroll","background-type":"","background-media":"","overlay-type":"","overlay-color":"","overlay-gradient":""},"tablet":{"background-color":"var(--ast-global-color-5)","background-image":"","background-repeat":"repeat","background-position":"center center","background-size":"auto","background-attachment":"scroll","background-type":"","background-media":"","overlay-type":"","overlay-color":"","overlay-gradient":""},"mobile":{"background-color":"var(--ast-global-color-5)","background-image":"","background-repeat":"repeat","background-position":"center center","background-size":"auto","background-attachment":"scroll","background-type":"","background-media":"","overlay-type":"","overlay-color":"","overlay-gradient":""}},"footnotes":""},"class_list":["post-1825","page","type-page","status-publish","hentry"],"_links":{"self":[{"href":"https:\/\/mosareldecor.com\/index.php\/wp-json\/wp\/v2\/pages\/1825","targetHints":{"allow":["GET"]}}],"collection":[{"href":"https:\/\/mosareldecor.com\/index.php\/wp-json\/wp\/v2\/pages"}],"about":[{"href":"https:\/\/mosareldecor.com\/index.php\/wp-json\/wp\/v2\/types\/page"}],"author":[{"embeddable":true,"href":"https:\/\/mosareldecor.com\/index.php\/wp-json\/wp\/v2\/users\/2"}],"replies":[{"embeddable":true,"href":"https:\/\/mosareldecor.com\/index.php\/wp-json\/wp\/v2\/comments?post=1825"}],"version-history":[{"count":11,"href":"https:\/\/mosareldecor.com\/index.php\/wp-json\/wp\/v2\/pages\/1825\/revisions"}],"predecessor-version":[{"id":2803,"href":"https:\/\/mosareldecor.com\/index.php\/wp-json\/wp\/v2\/pages\/1825\/revisions\/2803"}],"wp:attachment":[{"href":"https:\/\/mosareldecor.com\/index.php\/wp-json\/wp\/v2\/media?parent=1825"}],"curies":[{"name":"wp","href":"https:\/\/api.w.org\/{rel}","templated":true}]}}