{"id":101,"date":"2023-11-02T05:42:02","date_gmt":"2023-11-02T05:42:02","guid":{"rendered":"https:\/\/mosareldecor.com\/?page_id=101"},"modified":"2024-06-29T23:09:04","modified_gmt":"2024-06-29T23:09:04","slug":"asesorias","status":"publish","type":"page","link":"https:\/\/mosareldecor.com\/index.php\/asesorias\/","title":{"rendered":"Asesor\u00edas"},"content":{"rendered":"<div class=\"wpb-content-wrapper\"><p>[vc_row][vc_column][vc_single_image image=&#8221;1614&#8243; img_size=&#8221;2000&#215;500&#8243; css=&#8221;&#8221;][vc_custom_heading text=&#8221;ASESOR\u00cdAS&#8221; font_container=&#8221;tag:h2|text_align:center&#8221; google_fonts=&#8221;font_family:Montserrat%3Aregular%2C700|font_style:400%20regular%3A400%3Anormal&#8221;][\/vc_column][\/vc_row][vc_row][vc_column width=&#8221;1\/6&#8243;][\/vc_column][vc_column width=&#8221;2\/3&#8243;][vc_column_text css=&#8221;&#8221;]\u00bfTienes una cocina o ba\u00f1o o alg\u00fan otro espacio que no te gusta pero no quieres hacer una remodelaci\u00f3n completa?\u00a0 \u00bfNo sabes qu\u00e9 colores elegir? \u00bfTienes dudas sobre la aplicaci\u00f3n de nuestros productos o las t\u00e9cnicas adecuadas para tu proyecto?\u00a0 \u00a1Podemos ayudarte! Ofrecemos diferentes modalidades de asesor\u00edas para transformar tus espacios y muebles con resultados profesionales.[\/vc_column_text][\/vc_column][vc_column width=&#8221;1\/6&#8243;][\/vc_column][\/vc_row][vc_row gap=&#8221;30&#8243; equal_height=&#8221;yes&#8221;][vc_column width=&#8221;1\/2&#8243; css=&#8221;.vc_custom_1719005047915{background-color: rgba(225,222,215,0.5) !important;*background-color: rgb(225,222,215) !important;}&#8221;][vc_single_image image=&#8221;2831&#8243; img_size=&#8221;FULL&#8221; alignment=&#8221;center&#8221; css=&#8221;&#8221;][vc_column_text css=&#8221;&#8221;]<\/p>\n<h4 style=\"text-align: center;\"><strong>ASESOR\u00cdA GRATUITA<\/strong><\/h4>\n<p>[\/vc_column_text][vc_column_text css=&#8221;&#8221;]<\/p>\n<div class=\"w-full text-token-text-primary\" dir=\"auto\" data-testid=\"conversation-turn-13\" data-scroll-anchor=\"false\">\n<div class=\"py-2 juice:py-[18px] px-3 text-base md:px-4 m-auto md:px-5 lg:px-1 xl:px-5\">\n<div class=\"mx-auto flex flex-1 gap-3 text-base juice:gap-4 juice:md:gap-6 md:max-w-3xl lg:max-w-[40rem] xl:max-w-[48rem]\">\n<div class=\"group\/conversation-turn relative flex w-full min-w-0 flex-col agent-turn\">\n<div class=\"flex-col gap-1 md:gap-3\">\n<div class=\"flex flex-grow flex-col max-w-full\"><span style=\"font-size: 16px;\">Env\u00eda tus preguntas por\u00a0 mensaje de texto en WhatsApp y te responderemos con la informaci\u00f3n que necesitas para empezar tu proyecto.<strong> \u00a1Totalmente gratis!<\/strong>\u00a0 Recuerda, <\/span><strong style=\"font-size: 16px;\">esta asesor\u00eda es a trav\u00e9s de mensajes <\/strong><strong>escritos<\/strong> v\u00eda Whatsapp.<\/div>\n<\/div>\n<\/div>\n<\/div>\n<\/div>\n<\/div>\n<p>[\/vc_column_text][vc_btn title=&#8221;Ir al chat en Whatsapp&#8221; style=&#8221;classic&#8221; color=&#8221;success&#8221; align=&#8221;center&#8221; css=&#8221;&#8221; button_block=&#8221;true&#8221; link=&#8221;url:https%3A%2F%2Fwa.me%2F528442869616|target:_blank&#8221;][\/vc_column][vc_column width=&#8221;1\/2&#8243; css=&#8221;.vc_custom_1719005063602{background-color: rgba(225,222,215,0.5) !important;*background-color: rgb(225,222,215) !important;}&#8221;][vc_single_image image=&#8221;2849&#8243; img_size=&#8221;FULL&#8221; alignment=&#8221;center&#8221; css=&#8221;&#8221;][vc_column_text css=&#8221;&#8221;]<\/p>\n<h4 style=\"text-align: center;\"><strong>ASESOR\u00cdA 30 MINUTOS V\u00cdA ZOOM<\/strong><\/h4>\n<p>[\/vc_column_text][vc_column_text css=&#8221;&#8221;]<\/p>\n<div class=\"w-full text-token-text-primary\" dir=\"auto\" data-testid=\"conversation-turn-13\" data-scroll-anchor=\"false\">\n<div class=\"py-2 juice:py-[18px] px-3 text-base md:px-4 m-auto md:px-5 lg:px-1 xl:px-5\">\n<div class=\"mx-auto flex flex-1 gap-3 text-base juice:gap-4 juice:md:gap-6 md:max-w-3xl lg:max-w-[40rem] xl:max-w-[48rem]\">\n<div class=\"group\/conversation-turn relative flex w-full min-w-0 flex-col agent-turn\">\n<div class=\"flex-col gap-1 md:gap-3\">\n<div class=\"flex flex-grow flex-col max-w-full\"><span style=\"font-size: 16px;\">\u00bfQuieres qu\u00e9 hablemos? Podemos hacerlo v\u00eda zoom (no tienes que encender la c\u00e1mara si lo prefieres).\u00a0 Durante 30 minutos resolveremos las dudas sobre tu proyecto y te brindaremos las pautas generales para transformar tu mueble o espacio.<\/span><\/div>\n<\/div>\n<\/div>\n<\/div>\n<\/div>\n<\/div>\n<p>[\/vc_column_text][vc_btn title=&#8221;Ver m\u00e1s detalles&#8221; style=&#8221;classic&#8221; color=&#8221;inverse&#8221; align=&#8221;center&#8221; css=&#8221;&#8221; button_block=&#8221;true&#8221; link=&#8221;url:https%3A%2F%2Fmosareldecor.com%2Findex.php%2Fproduct%2Fasesoria-virtual-via-zoom-de-30-minutos-de-duracion%2F|title:Asesor%C3%ADa%20virtual%20via%20Zoom%20de%2030%20minutos%20de%20duraci%C3%B3n&#8221;][\/vc_column][\/vc_row][vc_row][vc_column][\/vc_column][\/vc_row]<\/p>\n<\/div>","protected":false},"excerpt":{"rendered":"<p>[vc_row][vc_column][vc_single_image image=&#8221;1614&#8243; img_size=&#8221;2000&#215;500&#8243; css=&#8221;&#8221;][vc_custom_heading text=&#8221;ASESOR\u00cdAS&#8221; font_container=&#8221;tag:h2|text_align:center&#8221; google_fonts=&#8221;font_family:Montserrat%3Aregular%2C700|font_style:400%20regular%3A400%3Anormal&#8221;][\/vc_column][\/vc_row][vc_row][vc_column width=&#8221;1\/6&#8243;][\/vc_column][vc_column width=&#8221;2\/3&#8243;][vc_column_text css=&#8221;&#8221;]\u00bfTienes una cocina o ba\u00f1o o alg\u00fan otro espacio que no [&hellip;]<\/p>\n","protected":false},"author":1,"featured_media":0,"parent":0,"menu_order":0,"comment_status":"closed","ping_status":"closed","template":"","meta":{"site-sidebar-layout":"no-sidebar","site-content-layout":"plain-container","ast-site-content-layout":"default","site-content-style":"default","site-sidebar-style":"default","ast-global-header-display":"","ast-banner-title-visibility":"","ast-main-header-display":"","ast-hfb-above-header-display":"","ast-hfb-below-header-display":"","ast-hfb-mobile-header-display":"","site-post-title":"disabled","ast-breadcrumbs-content":"","ast-featured-img":"disabled","footer-sml-layout":"","theme-transparent-header-meta":"default","adv-header-id-meta":"","stick-header-meta":"","header-above-stick-meta":"","header-main-stick-meta":"","header-below-stick-meta":"","astra-migrate-meta-layouts":"set","ast-page-background-enabled":"default","ast-page-background-meta":{"desktop":{"background-color":"var(--ast-global-color-4)","background-image":"","background-repeat":"repeat","background-position":"center center","background-size":"auto","background-attachment":"scroll","background-type":"","background-media":"","overlay-type":"","overlay-color":"","overlay-gradient":""},"tablet":{"background-color":"","background-image":"","background-repeat":"repeat","background-position":"center center","background-size":"auto","background-attachment":"scroll","background-type":"","background-media":"","overlay-type":"","overlay-color":"","overlay-gradient":""},"mobile":{"background-color":"","background-image":"","background-repeat":"repeat","background-position":"center center","background-size":"auto","background-attachment":"scroll","background-type":"","background-media":"","overlay-type":"","overlay-color":"","overlay-gradient":""}},"ast-content-background-meta":{"desktop":{"background-color":"var(--ast-global-color-5)","background-image":"","background-repeat":"repeat","background-position":"center center","background-size":"auto","background-attachment":"scroll","background-type":"","background-media":"","overlay-type":"","overlay-color":"","overlay-gradient":""},"tablet":{"background-color":"var(--ast-global-color-5)","background-image":"","background-repeat":"repeat","background-position":"center center","background-size":"auto","background-attachment":"scroll","background-type":"","background-media":"","overlay-type":"","overlay-color":"","overlay-gradient":""},"mobile":{"background-color":"var(--ast-global-color-5)","background-image":"","background-repeat":"repeat","background-position":"center center","background-size":"auto","background-attachment":"scroll","background-type":"","background-media":"","overlay-type":"","overlay-color":"","overlay-gradient":""}},"footnotes":""},"class_list":["post-101","page","type-page","status-publish","hentry"],"_links":{"self":[{"href":"https:\/\/mosareldecor.com\/index.php\/wp-json\/wp\/v2\/pages\/101","targetHints":{"allow":["GET"]}}],"collection":[{"href":"https:\/\/mosareldecor.com\/index.php\/wp-json\/wp\/v2\/pages"}],"about":[{"href":"https:\/\/mosareldecor.com\/index.php\/wp-json\/wp\/v2\/types\/page"}],"author":[{"embeddable":true,"href":"https:\/\/mosareldecor.com\/index.php\/wp-json\/wp\/v2\/users\/1"}],"replies":[{"embeddable":true,"href":"https:\/\/mosareldecor.com\/index.php\/wp-json\/wp\/v2\/comments?post=101"}],"version-history":[{"count":43,"href":"https:\/\/mosareldecor.com\/index.php\/wp-json\/wp\/v2\/pages\/101\/revisions"}],"predecessor-version":[{"id":2925,"href":"https:\/\/mosareldecor.com\/index.php\/wp-json\/wp\/v2\/pages\/101\/revisions\/2925"}],"wp:attachment":[{"href":"https:\/\/mosareldecor.com\/index.php\/wp-json\/wp\/v2\/media?parent=101"}],"curies":[{"name":"wp","href":"https:\/\/api.w.org\/{rel}","templated":true}]}}